{"id":205,"date":"2010-01-22T19:22:33","date_gmt":"2010-01-22T19:22:33","guid":{"rendered":"http:\/\/localhost\/Ue06\/?page_id=205"},"modified":"2010-02-28T00:51:43","modified_gmt":"2010-02-28T00:51:43","slug":"le-groupe","status":"publish","type":"page","link":"https:\/\/ue06.org\/fr\/?page_id=205","title":{"rendered":"Le Groupe"},"content":{"rendered":"<p><span style=\"color: #888888;\">Cr\u00e9\u00e9 le 06\/06\/2006 le Groupe Ultras Eagles vient percer le mouvement Ultras au Maroc ( \u00e0 supposer qu&#8217;il existe ) avec un effectif ne d\u00e9passant pas la cinquantaine. Aujourd&#8217;hui il est la r\u00e9f\u00e9rence Ultras des groupes de supporters au Maroc.<br \/>\nSuivez ces liens pour en savoir plus.<\/span><\/p>\n<p>&#8211;<a href=\"?page_id=207\">Histoire Du Groupe<\/a>: <span style=\"color: #264d20;\">Cr\u00e9ation, d\u00e9but, mentalit\u00e9&#8230;<\/span><br \/>\n&#8211;<a href=\"?page_id=209\">Adh\u00e9sion<\/a>: <span style=\"color: #264d20;\">Informations sur l&#8217;adh\u00e9sion au groupe.<\/span><br \/>\n&#8211;<a href=\"?page_id=211\">Sections<\/a>: <span style=\"color: #264d20;\">Pr\u00e9sentation des diff\u00e9rents sections du groupe aux coins du Maroc.<\/span><\/p>\n","protected":false},"excerpt":{"rendered":"<p>Cr\u00e9\u00e9 le 06\/06\/2006 le Groupe Ultras Eagles vient percer le mouvement Ultras au Maroc ( \u00e0 supposer qu&#8217;il existe ) avec un effectif ne d\u00e9passant pas la cinquantaine. Aujourd&#8217;hui il est la r\u00e9f\u00e9rence Ultras des groupes de supporters au Maroc. Suivez ces liens pour en savoir plus. &#8211;Histoire Du Groupe: Cr\u00e9ation, d\u00e9but, mentalit\u00e9&#8230; &#8211;Adh\u00e9sion: Informations [&hellip;]<\/p>\n","protected":false},"author":1,"featured_media":0,"parent":0,"menu_order":0,"comment_status":"open","ping_status":"open","template":"","meta":{"footnotes":""},"class_list":["post-205","page","type-page","status-publish","hentry"],"_hostinger_reach_plugin_has_subscription_block":false,"_hostinger_reach_plugin_is_elementor":false,"_links":{"self":[{"href":"https:\/\/ue06.org\/fr\/index.php?rest_route=\/wp\/v2\/pages\/205","targetHints":{"allow":["GET"]}}],"collection":[{"href":"https:\/\/ue06.org\/fr\/index.php?rest_route=\/wp\/v2\/pages"}],"about":[{"href":"https:\/\/ue06.org\/fr\/index.php?rest_route=\/wp\/v2\/types\/page"}],"author":[{"embeddable":true,"href":"https:\/\/ue06.org\/fr\/index.php?rest_route=\/wp\/v2\/users\/1"}],"replies":[{"embeddable":true,"href":"https:\/\/ue06.org\/fr\/index.php?rest_route=%2Fwp%2Fv2%2Fcomments&post=205"}],"version-history":[{"count":7,"href":"https:\/\/ue06.org\/fr\/index.php?rest_route=\/wp\/v2\/pages\/205\/revisions"}],"predecessor-version":[{"id":221,"href":"https:\/\/ue06.org\/fr\/index.php?rest_route=\/wp\/v2\/pages\/205\/revisions\/221"}],"wp:attachment":[{"href":"https:\/\/ue06.org\/fr\/index.php?rest_route=%2Fwp%2Fv2%2Fmedia&parent=205"}],"curies":[{"name":"wp","href":"https:\/\/api.w.org\/{rel}","templated":true}]}}