{"id":207,"date":"2010-01-22T19:23:02","date_gmt":"2010-01-22T19:23:02","guid":{"rendered":"http:\/\/localhost\/Ue06\/?page_id=207"},"modified":"2012-04-05T15:42:59","modified_gmt":"2012-04-05T15:42:59","slug":"histoire","status":"publish","type":"page","link":"https:\/\/ue06.org\/fr\/?page_id=207","title":{"rendered":"Histoire"},"content":{"rendered":"<h3><span style=\"color: #264d20;\"><a href=\"wp-content\/uploads\/2010\/01\/Logo-Eagles.png\"><img decoding=\"async\" class=\"alignleft size-thumbnail wp-image-265\" title=\"logo Ultras Eagles\" src=\"wp-content\/uploads\/2010\/01\/Logo-Eagles.png\" alt=\"\" \/><\/a>Cr\u00e9ation:<\/span><\/h3>\n<p>Le Groupe Ultras Eagles a \u00e9t\u00e9 cr\u00e9\u00e9 le Lundi 6 juin 2006 par son leader d&#8217;aujourd&#8217;hui et de toujours &#8220;Tbib&#8221;. De jeunes rajaouis bourr\u00e9s d&#8217;amour inconditionnel pour le Raja de Casablanca rejoignirent le groupe pour former une masse capable de s&#8217;imposer dans le virage. A la suite de plusieurs r\u00e9unions le groupe se mit d&#8217;accord sur le logo et le slogan du groupe &#8221; L&#8217;art d&#8217;\u00eatre Ultras &#8220;, quant au logo , le nom du groupe ne nous laissait pas vraiment le choix.<\/p>\n<p><a href=\"wp-content\/uploads\/2010\/01\/Reunion-2.jpg\"><img loading=\"lazy\" decoding=\"async\" width=\"150\" height=\"150\" class=\"size-thumbnail wp-image-354 alignnone\" title=\"Reunion 2\" src=\"wp-content\/uploads\/2010\/01\/Reunion-2-150x150.jpg\" alt=\"\" \/><\/a><a href=\"wp-content\/uploads\/2010\/01\/Hand.jpg\"><img loading=\"lazy\" decoding=\"async\" width=\"150\" height=\"150\" class=\"size-thumbnail wp-image-353 alignnone\" title=\"Hand\" src=\"wp-content\/uploads\/2010\/01\/Hand-150x150.jpg\" alt=\"\" \/><\/a><\/p>\n<h3><span style=\"color: #264d20;\">D\u00e9but:<\/span><\/h3>\n<p>L&#8217;int\u00e9gration du groupe dans le virage \u00e9tait tout sauf facile. Le faite de faire instaurer une nouvelle mentalit\u00e9 et un nouveau style dans le coin maganiste \u00e9tait quasi-impossible auparavant ( chose qui partiellement a \u00e9t\u00e9 faite aujourd&#8217;hui ). Les faits \u00e9taient l\u00e0, ou bien s&#8217;imposer ou bien laisser couler et baisser les bras une fois pour toute. Chose qui ne sera pas faite, le groupe d\u00e9marre fort et r\u00e9ussi \u00e0 se faire remarquer suite aux animations r\u00e9alis\u00e9es au stade p\u00e8re jego &#8211; Photos si dessous &#8211; ( le Stade MV \u00e9tait ferm\u00e9 pour cause de r\u00e9parations ). Ces animations \u00e9taient r\u00e9alis\u00e9es par les cotisations des adh\u00e9rents du groupe. L&#8217;adh\u00e9sion \u00e0 cette \u00e9poque \u00e9tait tr\u00e8s s\u00e9lective et les frais s&#8217;\u00e9levaient \u00e0 30 dh par mois. Mais bien avant \u00e7a, le groupe avait fait sa premi\u00e8re entr\u00e9e en sc\u00e8ne pendant l&#8217;\u00e9t\u00e9 2006, plus exactement le match opposant le Raja de Casablanca au Taraji de Tunis avec une animation \u00e0 base\u00a0d&#8217;\u00e9tendard ( Le match s&#8217;est jou\u00e9 \u00e0 rabat ). D&#8217;ailleurs Les premiers rajaouis Hors Casa \u00e0 avoir rejoint le groupe \u00e9tait les rajaouis de Rabat-Sal\u00e9, par l&#8217;occasion, fut la cr\u00e9ation de la premi\u00e8re section d&#8217;un groupe ultras au Maroc. Aujourd&#8217;hui le groupe compte plusieurs sections dans tous les coins du maroc, ainsi qu&#8217;une section en europe.<\/p>\n<h3><\/h3>\n<h3>\n\t\t<style type=\"text\/css\">\n\t\t\t#gallery-1 {\n\t\t\t\tmargin: auto;\n\t\t\t}\n\t\t\t#gallery-1 .gallery-item {\n\t\t\t\tfloat: left;\n\t\t\t\tmargin-top: 10px;\n\t\t\t\ttext-align: center;\n\t\t\t\twidth: 25%;\n\t\t\t}\n\t\t\t#gallery-1 img {\n\t\t\t\tborder: 2px solid #cfcfcf;\n\t\t\t}\n\t\t\t#gallery-1 .gallery-caption {\n\t\t\t\tmargin-left: 0;\n\t\t\t}\n\t\t\t\/* see gallery_shortcode() in wp-includes\/media.php *\/\n\t\t<\/style>\n\t\t<div id='gallery-1' class='gallery galleryid-207 gallery-columns-4 gallery-size-thumbnail'><dl class='gallery-item'>\n\t\t\t<dt class='gallery-icon landscape'>\n\t\t\t\t<a href='https:\/\/ue06.org\/fr\/wp-content\/uploads\/2010\/01\/48491013852086555183265.jpg'><img loading=\"lazy\" decoding=\"async\" width=\"150\" height=\"150\" src=\"https:\/\/ue06.org\/fr\/wp-content\/uploads\/2010\/01\/48491013852086555183265-150x150.jpg\" class=\"attachment-thumbnail size-thumbnail\" alt=\"Raja vs Est\" \/><\/a>\n\t\t\t<\/dt><\/dl><dl class='gallery-item'>\n\t\t\t<dt class='gallery-icon landscape'>\n\t\t\t\t<a href='https:\/\/ue06.org\/fr\/wp-content\/uploads\/2010\/01\/Pot.jpg'><img loading=\"lazy\" decoding=\"async\" width=\"150\" height=\"150\" src=\"https:\/\/ue06.org\/fr\/wp-content\/uploads\/2010\/01\/Pot-150x150.jpg\" class=\"attachment-thumbnail size-thumbnail\" alt=\"\" \/><\/a>\n\t\t\t<\/dt><\/dl><dl class='gallery-item'>\n\t\t\t<dt class='gallery-icon landscape'>\n\t\t\t\t<a href='https:\/\/ue06.org\/fr\/wp-content\/uploads\/2010\/01\/Laflame.jpg'><img loading=\"lazy\" decoding=\"async\" width=\"150\" height=\"150\" src=\"https:\/\/ue06.org\/fr\/wp-content\/uploads\/2010\/01\/Laflame-150x150.jpg\" class=\"attachment-thumbnail size-thumbnail\" alt=\"\" \/><\/a>\n\t\t\t<\/dt><\/dl><dl class='gallery-item'>\n\t\t\t<dt class='gallery-icon landscape'>\n\t\t\t\t<a href='https:\/\/ue06.org\/fr\/wp-content\/uploads\/2010\/01\/IMGP0005.jpg'><img loading=\"lazy\" decoding=\"async\" width=\"150\" height=\"150\" src=\"https:\/\/ue06.org\/fr\/wp-content\/uploads\/2010\/01\/IMGP0005-150x150.jpg\" class=\"attachment-thumbnail size-thumbnail\" alt=\"Raja vs Far 2eme mitemps\" \/><\/a>\n\t\t\t<\/dt><\/dl><br style=\"clear: both\" \/><dl class='gallery-item'>\n\t\t\t<dt class='gallery-icon landscape'>\n\t\t\t\t<a href='https:\/\/ue06.org\/fr\/wp-content\/uploads\/2010\/01\/PHOT0017.jpg'><img loading=\"lazy\" decoding=\"async\" width=\"150\" height=\"150\" src=\"https:\/\/ue06.org\/fr\/wp-content\/uploads\/2010\/01\/PHOT0017-150x150.jpg\" class=\"attachment-thumbnail size-thumbnail\" alt=\"Raja vs Far\" \/><\/a>\n\t\t\t<\/dt><\/dl><dl class='gallery-item'>\n\t\t\t<dt class='gallery-icon landscape'>\n\t\t\t\t<a href='https:\/\/ue06.org\/fr\/wp-content\/uploads\/2010\/01\/PHOT0023.jpg'><img loading=\"lazy\" decoding=\"async\" width=\"150\" height=\"150\" src=\"https:\/\/ue06.org\/fr\/wp-content\/uploads\/2010\/01\/PHOT0023-150x150.jpg\" class=\"attachment-thumbnail size-thumbnail\" alt=\"Raja vs Ock\" \/><\/a>\n\t\t\t<\/dt><\/dl><dl class='gallery-item'>\n\t\t\t<dt class='gallery-icon portrait'>\n\t\t\t\t<a href='https:\/\/ue06.org\/fr\/wp-content\/uploads\/2010\/01\/7fzpl_supporters2.jpg'><img loading=\"lazy\" decoding=\"async\" width=\"150\" height=\"150\" src=\"https:\/\/ue06.org\/fr\/wp-content\/uploads\/2010\/01\/7fzpl_supporters2-150x150.jpg\" class=\"attachment-thumbnail size-thumbnail\" alt=\"Raja vs Ock\" \/><\/a>\n\t\t\t<\/dt><\/dl><dl class='gallery-item'>\n\t\t\t<dt class='gallery-icon landscape'>\n\t\t\t\t<a href='https:\/\/ue06.org\/fr\/wp-content\/uploads\/2010\/01\/PICT0272.jpg'><img loading=\"lazy\" decoding=\"async\" width=\"150\" height=\"150\" src=\"https:\/\/ue06.org\/fr\/wp-content\/uploads\/2010\/01\/PICT0272-150x150.jpg\" class=\"attachment-thumbnail size-thumbnail\" alt=\"\" \/><\/a>\n\t\t\t<\/dt><\/dl><br style=\"clear: both\" \/>\n\t\t<\/div>\n<\/h3>\n<h3><span style=\"color: #264d20;\"><a href=\"wp-content\/uploads\/2010\/01\/sanstitre1hat.jpg\"><img loading=\"lazy\" decoding=\"async\" width=\"300\" height=\"142\" class=\"alignleft size-medium wp-image-261\" title=\"R\u00e9ponse Kacm vs Rca\" src=\"wp-content\/uploads\/2010\/01\/sanstitre1hat-300x142.jpg\" alt=\"\" srcset=\"https:\/\/ue06.org\/fr\/wp-content\/uploads\/2010\/01\/sanstitre1hat-300x142.jpg 300w, https:\/\/ue06.org\/fr\/wp-content\/uploads\/2010\/01\/sanstitre1hat-1024x486.jpg 1024w, https:\/\/ue06.org\/fr\/wp-content\/uploads\/2010\/01\/sanstitre1hat.jpg 1200w\" sizes=\"auto, (max-width: 300px) 100vw, 300px\" \/><\/a>Mentalit\u00e9:<\/span><\/h3>\n<p>Toujours aussi organis\u00e9 toujours aussi pr\u00e9sent toujours aussi influent, de matchs en matchs les Ultras Eagles montrait au monde ce qu&#8217;est d&#8217;\u00eatre un artiste dans ce monde ultras. Il est clair que pendant les trois premi\u00e8res ann\u00e9es les Eagles se sont remarqu\u00e9 par leur messages. C&#8217;est d&#8217;ailleurs le principal outils qui pourrait refl\u00e9ter une mentalit\u00e9 ( bien sur ce n&#8217;est pas le seul ). Les messages Eagles sont g\u00e9n\u00e9ralement \u00e9crits d&#8217;une fa\u00e7on &#8230; &#8221; Made In Eagles &#8221; , genre on ne va pas ecrire &#8221; \u00d4 moi j&#8217;aime beaucoup mon \u00e9quipe&#8221; comme le font la plupart des pseudo Ultras mais nous exprimons \u00e7a \u00e0 notre mani\u00e8re. Sachant que dans ce monde un bout de tissu peut faire des carnages apr\u00e8s-match face \u00e0 un tifo qui aurait co\u00fbter les yeux de la t\u00eate, on est pas surpris de voir nos messages faire parler d&#8217;eux dans la presse, t\u00e9l\u00e9vision, virages et collent aux bouches des supporters alors que des tifo de 20000dh se font oublier le lendemain des matchs.<\/p>\n<p>Le groupe a souvent \u00e9t\u00e9 sujet de critique sur les sujets qu&#8217;il traitent dans les tifo et sur la fa\u00e7on dont il s&#8217;exprime dans ses messages ou dans ses tifo lui reprochant de n\u00e9gliger le but le plus important de tout supporter qui est d&#8217;encourager son \u00e9quipe ( ce qui est faut bien sur ). Le groupe a r\u00e9pondu\u00a0gentiment a ses messieurs par une voile et un message ( Photo )<\/p>\n<p>Politiquement, le groupe ne manifeste aucune appartenance politique. Ce qui est s\u00fbr pour l&#8217;instant c&#8217;est que les Ultras Eagles sont un groupe ultras arabe et musulmans.<\/p>\n<h3><span style=\"color: #264d20;\">Quelques R\u00e9alisations et \u00e9v\u00e9nements marquants:<\/span><\/h3>\n<p>-Premi\u00e8re B\u00e2che \u00e0 d\u00e9passer les fronti\u00e8res.<\/p>\n<p><a href=\"wp-content\/uploads\/2010\/01\/Bonderole-Tunise.jpg\"><img loading=\"lazy\" decoding=\"async\" width=\"300\" height=\"225\" class=\"aligncenter size-medium wp-image-271\" title=\"Bonderole-Tunise\" src=\"wp-content\/uploads\/2010\/01\/Bonderole-Tunise-300x225.jpg\" alt=\"\" srcset=\"https:\/\/ue06.org\/fr\/wp-content\/uploads\/2010\/01\/Bonderole-Tunise-300x225.jpg 300w, https:\/\/ue06.org\/fr\/wp-content\/uploads\/2010\/01\/Bonderole-Tunise.jpg 500w\" sizes=\"auto, (max-width: 300px) 100vw, 300px\" \/><\/a><\/p>\n<p>-Le Message &#8220;Frimija Pleine Bd Rachidi Vide &#8221; : Message qui a fait d\u00e9marquer le groupe.<\/p>\n<p><a href=\"wp-content\/uploads\/2010\/01\/90.jpg\"><img loading=\"lazy\" decoding=\"async\" width=\"300\" height=\"225\" class=\"aligncenter size-medium wp-image-272\" title=\"Frimija Pleine Bd Rachidi Vide\" src=\"wp-content\/uploads\/2010\/01\/90-300x225.jpg\" alt=\"\" srcset=\"https:\/\/ue06.org\/fr\/wp-content\/uploads\/2010\/01\/90-300x225.jpg 300w, https:\/\/ue06.org\/fr\/wp-content\/uploads\/2010\/01\/90.jpg 640w\" sizes=\"auto, (max-width: 300px) 100vw, 300px\" \/><\/a><\/p>\n<p>-Tifo &#8220;Vox Populi&#8221; &#8211; La Voix Du Peuple -: qui devint apr\u00e8s la devise du peuple Rajaoui<\/p>\n<p><a href=\"wp-content\/uploads\/2010\/01\/3268_1148828034612_1044901166_450617_1384721_n.jpg\"><img loading=\"lazy\" decoding=\"async\" class=\"aligncenter size-medium wp-image-274\" title=\"3268_1148828034612_1044901166_450617_1384721_n\" src=\"wp-content\/uploads\/2010\/01\/3268_1148828034612_1044901166_450617_1384721_n-300x199.jpg\" alt=\"\" width=\"300\" height=\"199\" srcset=\"https:\/\/ue06.org\/fr\/wp-content\/uploads\/2010\/01\/3268_1148828034612_1044901166_450617_1384721_n-300x199.jpg 300w, https:\/\/ue06.org\/fr\/wp-content\/uploads\/2010\/01\/3268_1148828034612_1044901166_450617_1384721_n.jpg 604w\" sizes=\"auto, (max-width: 300px) 100vw, 300px\" \/><\/a><\/p>\n<p>-Hommage Au Portugal: Tifo qui a fait couler les larmes de l&#8217;entraineur portugais Romao et gr\u00e2ce auquel le groupe fut convoquer au consulat du Portugal.<\/p>\n<p><a href=\"wp-content\/uploads\/2010\/01\/124505817994.jpg\"><img loading=\"lazy\" decoding=\"async\" width=\"300\" height=\"225\" class=\"aligncenter size-medium wp-image-273\" title=\"124505817994\" src=\"wp-content\/uploads\/2010\/01\/124505817994-300x225.jpg\" alt=\"\" srcset=\"https:\/\/ue06.org\/fr\/wp-content\/uploads\/2010\/01\/124505817994-300x225.jpg 300w, https:\/\/ue06.org\/fr\/wp-content\/uploads\/2010\/01\/124505817994-1024x768.jpg 1024w, https:\/\/ue06.org\/fr\/wp-content\/uploads\/2010\/01\/124505817994.jpg 1280w\" sizes=\"auto, (max-width: 300px) 100vw, 300px\" \/><\/a><\/p>\n<p>-Tifo &#8221; Lillah Ya jazair &#8220;: Tifo confisqu\u00e9 par la DST qui a fait couler beaucoup d&#8217;encre.<\/p>\n<p><a href=\"wp-content\/uploads\/2010\/01\/Echantillon.jpg\"><img loading=\"lazy\" decoding=\"async\" width=\"300\" height=\"47\" class=\"aligncenter size-medium wp-image-275\" title=\"Echantillon\" src=\"wp-content\/uploads\/2010\/01\/Echantillon-300x47.jpg\" alt=\"\" srcset=\"https:\/\/ue06.org\/fr\/wp-content\/uploads\/2010\/01\/Echantillon-300x47.jpg 300w, https:\/\/ue06.org\/fr\/wp-content\/uploads\/2010\/01\/Echantillon-1024x163.jpg 1024w, https:\/\/ue06.org\/fr\/wp-content\/uploads\/2010\/01\/Echantillon.jpg 1440w\" sizes=\"auto, (max-width: 300px) 100vw, 300px\" \/><\/a><\/p>\n","protected":false},"excerpt":{"rendered":"<p>Cr\u00e9ation: Le Groupe Ultras Eagles a \u00e9t\u00e9 cr\u00e9\u00e9 le Lundi 6 juin 2006 par son leader d&#8217;aujourd&#8217;hui et de toujours &#8220;Tbib&#8221;. De jeunes rajaouis bourr\u00e9s d&#8217;amour inconditionnel pour le Raja de Casablanca rejoignirent le groupe pour former une masse capable de s&#8217;imposer dans le virage. A la suite de plusieurs r\u00e9unions le groupe se mit [&hellip;]<\/p>\n","protected":false},"author":1,"featured_media":0,"parent":205,"menu_order":1,"comment_status":"open","ping_status":"open","template":"","meta":{"footnotes":""},"class_list":["post-207","page","type-page","status-publish","hentry"],"_hostinger_reach_plugin_has_subscription_block":false,"_hostinger_reach_plugin_is_elementor":false,"_links":{"self":[{"href":"https:\/\/ue06.org\/fr\/index.php?rest_route=\/wp\/v2\/pages\/207","targetHints":{"allow":["GET"]}}],"collection":[{"href":"https:\/\/ue06.org\/fr\/index.php?rest_route=\/wp\/v2\/pages"}],"about":[{"href":"https:\/\/ue06.org\/fr\/index.php?rest_route=\/wp\/v2\/types\/page"}],"author":[{"embeddable":true,"href":"https:\/\/ue06.org\/fr\/index.php?rest_route=\/wp\/v2\/users\/1"}],"replies":[{"embeddable":true,"href":"https:\/\/ue06.org\/fr\/index.php?rest_route=%2Fwp%2Fv2%2Fcomments&post=207"}],"version-history":[{"count":50,"href":"https:\/\/ue06.org\/fr\/index.php?rest_route=\/wp\/v2\/pages\/207\/revisions"}],"predecessor-version":[{"id":1005,"href":"https:\/\/ue06.org\/fr\/index.php?rest_route=\/wp\/v2\/pages\/207\/revisions\/1005"}],"up":[{"embeddable":true,"href":"https:\/\/ue06.org\/fr\/index.php?rest_route=\/wp\/v2\/pages\/205"}],"wp:attachment":[{"href":"https:\/\/ue06.org\/fr\/index.php?rest_route=%2Fwp%2Fv2%2Fmedia&parent=207"}],"curies":[{"name":"wp","href":"https:\/\/api.w.org\/{rel}","templated":true}]}}