{"id":209,"date":"2010-01-22T19:23:30","date_gmt":"2010-01-22T19:23:30","guid":{"rendered":"http:\/\/localhost\/Ue06\/?page_id=209"},"modified":"2010-07-28T03:03:39","modified_gmt":"2010-07-28T03:03:39","slug":"adhesion","status":"publish","type":"page","link":"https:\/\/ue06.org\/fr\/?page_id=209","title":{"rendered":"Adh\u00e9sion"},"content":{"rendered":"<p>L&#8217;adh\u00e9sion au groupe Ultras Eagles \u00e9tait au tout d\u00e9but tr\u00e8s s\u00e9lective. En effet Le nombre des membres ne d\u00e9passait pas les 70. Les frais d&#8217;adh\u00e9sion \u00e9taient r\u00e9gl\u00e9s de fa\u00e7on mensuelle ( 30dh ).<br \/>\nDepuis La saison 2009-2010 le groupe changea de politique et d\u00e9cida d&#8217;ouvrir ses portes aux rajaouis du monde.<br \/>\nEn tant qu&#8217;adh\u00e9rant vous b\u00e9n\u00e9ficiez de plusieurs avantages dont:<br \/>\n<span style=\"color: #008000;\">-Rejoindre votre deuxi\u00e8me famille et d\u00e9velopper des liens sociaux uniques ( Liens Ultras )<br \/>\n-R\u00e9unions avec le noyau<br \/>\n-Participation dans les projets du groupe<br \/>\n-Priorit\u00e9 dans les d\u00e9placements organis\u00e9s<br \/>\n-Priorit\u00e9 dans le matos \u00e0 quantit\u00e9 limit\u00e9e<br \/>\n-R\u00e9duction sur les produits<br \/>\n-Un coin priv\u00e9 dans le forum<\/span><\/p>\n<p>Prix d&#8217;adh\u00e9sion 2010-2011 : 150 dh ( Frais d&#8217;adh\u00e9sion + t-shirt + carte ).<\/p>\n","protected":false},"excerpt":{"rendered":"<p>L&#8217;adh\u00e9sion au groupe Ultras Eagles \u00e9tait au tout d\u00e9but tr\u00e8s s\u00e9lective. En effet Le nombre des membres ne d\u00e9passait pas les 70. Les frais d&#8217;adh\u00e9sion \u00e9taient r\u00e9gl\u00e9s de fa\u00e7on mensuelle ( 30dh ). Depuis La saison 2009-2010 le groupe changea de politique et d\u00e9cida d&#8217;ouvrir ses portes aux rajaouis du monde. En tant qu&#8217;adh\u00e9rant vous [&hellip;]<\/p>\n","protected":false},"author":1,"featured_media":0,"parent":205,"menu_order":2,"comment_status":"open","ping_status":"open","template":"","meta":{"footnotes":""},"class_list":["post-209","page","type-page","status-publish","hentry"],"_hostinger_reach_plugin_has_subscription_block":false,"_hostinger_reach_plugin_is_elementor":false,"_links":{"self":[{"href":"https:\/\/ue06.org\/fr\/index.php?rest_route=\/wp\/v2\/pages\/209","targetHints":{"allow":["GET"]}}],"collection":[{"href":"https:\/\/ue06.org\/fr\/index.php?rest_route=\/wp\/v2\/pages"}],"about":[{"href":"https:\/\/ue06.org\/fr\/index.php?rest_route=\/wp\/v2\/types\/page"}],"author":[{"embeddable":true,"href":"https:\/\/ue06.org\/fr\/index.php?rest_route=\/wp\/v2\/users\/1"}],"replies":[{"embeddable":true,"href":"https:\/\/ue06.org\/fr\/index.php?rest_route=%2Fwp%2Fv2%2Fcomments&post=209"}],"version-history":[{"count":12,"href":"https:\/\/ue06.org\/fr\/index.php?rest_route=\/wp\/v2\/pages\/209\/revisions"}],"predecessor-version":[{"id":242,"href":"https:\/\/ue06.org\/fr\/index.php?rest_route=\/wp\/v2\/pages\/209\/revisions\/242"}],"up":[{"embeddable":true,"href":"https:\/\/ue06.org\/fr\/index.php?rest_route=\/wp\/v2\/pages\/205"}],"wp:attachment":[{"href":"https:\/\/ue06.org\/fr\/index.php?rest_route=%2Fwp%2Fv2%2Fmedia&parent=209"}],"curies":[{"name":"wp","href":"https:\/\/api.w.org\/{rel}","templated":true}]}}