{"id":211,"date":"2010-01-22T19:23:55","date_gmt":"2010-01-22T19:23:55","guid":{"rendered":"http:\/\/localhost\/Ue06\/?page_id=211"},"modified":"2013-05-10T13:51:37","modified_gmt":"2013-05-10T12:51:37","slug":"les-sections","status":"publish","type":"page","link":"https:\/\/ue06.org\/fr\/?page_id=211","title":{"rendered":"Les Sections"},"content":{"rendered":"<p><span style=\"color: #888888;\">Depuis la cr\u00e9ation du groupe en 2006, la famille UE ne cesse de grandir, et le nombre de sections Eagles dans les coins du maroc ne font que prouver cela.<br \/>\nLe comment de la cr\u00e9ation des sections et g\u00e9n\u00e9ralement le m\u00eame pour toutes nos sections: Des rajaouis de la m\u00eame ville s&#8217;organisent et jugent important de devoir appartenir \u00e0 un groupe ultras afin de mieux structurer et organiser les activit\u00e9s des supporters rajaouis dans tout le Maroc. Leur choix fut\u00a0 d&#8217;appartenir au groupe Ultras Eagles.<\/span><\/p>\n<p><span style=\"color: #888888;\">Depuis 2008 le groupe entama une nouvelle strat\u00e9gie qui est de regrouper les sections villes sous forme de sections r\u00e9gionales regroupant plusieurs villes \u00e0 la fois.<\/span><\/p>\n<p>Les Sections Eagles jusqu&#8217;\u00e0 ce jour sont les suivantes:<\/p>\n<table style=\"width: 563px; height: 244px;\" border=\"0\" align=\"center\">\n<tbody>\n<tr>\n<td><strong>Nom<\/strong><\/td>\n<td><strong>Villes Regroup\u00e9es<\/strong><\/td>\n<td><strong>\u00c9tendard<\/strong><\/td>\n<\/tr>\n<tr>\n<td><span style=\"color: #264d20;\">Section Capital<br \/>\n<\/span><\/td>\n<td>Rabat, Sal\u00e9, K\u00e9nitra<\/td>\n<td><a href=\"http:\/\/img205.imageshack.us\/img205\/3082\/capitalg.jpg\" target=\"_blank\">Photo<\/a><\/td>\n<\/tr>\n<tr>\n<td><span style=\"color: #264d20;\">Section Palmo Regione<br \/>\n<\/span><\/td>\n<td>Marrakech, Benguerir, Kela\u00e2, Ouarzazate, Errachidia<\/td>\n<td><a href=\"http:\/\/nsa28.casimages.com\/img\/2011\/08\/30\/110830060512555162.jpg\" target=\"_blank\">Photo<\/a><\/td>\n<\/tr>\n<tr>\n<td><span style=\"color: #264d20;\">Sezione Centro<\/span><\/td>\n<td>Khouribga, Settat, Beni Mellal, Beja\u00e2d<\/td>\n<td><a href=\"http:\/\/nsa29.casimages.com\/img\/2012\/07\/12\/\/120712045100898901.jpg\" target=\"_blank\">Photo<\/a><\/td>\n<\/tr>\n<tr>\n<td><span style=\"color: #264d20;\">Section Atlantico<\/span><\/td>\n<td>El jadida, Safi, Azzemour<\/td>\n<td><a href=\"http:\/\/nsa28.casimages.com\/img\/2011\/08\/22\/110822065011239033.jpg\" target=\"_blank\">Photo<\/a><\/td>\n<\/tr>\n<tr>\n<td><span style=\"color: #264d20;\">Section South<\/span><\/td>\n<td>Agadir, Tiznit, Taroudant, Inzegane, Houara, Ait melloul<\/td>\n<td><a href=\"http:\/\/img412.imageshack.us\/img412\/5350\/1512251608small1.jpg\" target=\"_blank\">Photo<\/a><\/td>\n<\/tr>\n<tr>\n<td><span style=\"color: #264d20;\">Section Sahara<\/span><\/td>\n<td>La\u00e2youne, Tantan<\/td>\n<td><a href=\"http:\/\/img163.imageshack.us\/img163\/6490\/11484302.png\" target=\"_blank\">Photo<\/a><\/td>\n<\/tr>\n<tr>\n<td><span style=\"color: #264d20;\">Section Berrechid<\/span><\/td>\n<td>Berrechid<\/td>\n<td><a href=\"http:\/\/img513.imageshack.us\/img513\/1641\/2692675278small11.jpg\" target=\"_blank\">Photo<\/a><\/td>\n<\/tr>\n<tr>\n<td><span style=\"color: #264d20;\">Section Mohamedia<\/span><\/td>\n<td>Mohamedia, Benslimane<\/td>\n<td><a href=\"http:\/\/nsa21.casimages.com\/img\/2012\/04\/04\/120404073124733410.jpg\" target=\"_blank\">Photo<\/a><\/td>\n<\/tr>\n<tr>\n<td><span style=\"color: #264d20;\">Section Europe<\/span><\/td>\n<td>Italie, France, Allemagne, Belgique, Espagne<\/td>\n<td><a href=\"http:\/\/zupimages.net\/up\/841443279.jpg\" target=\"_blank\">Photo<\/a><\/td>\n<\/tr>\n<tr>\n<td><span style=\"color: #264d20;\">Section Atlas<\/span><\/td>\n<td>Meknes, Fes, Sefrou, Ifrane, Midelt, Khemisset, Sidi Kacem<\/td>\n<td><a href=\"http:\/\/img109.imageshack.us\/img109\/8424\/15537106127034855617298.jpg\" target=\"_blank\">Photo<\/a><\/td>\n<\/tr>\n<tr>\n<td><span style=\"color: #264d20;\">Section Oriental<\/span><\/td>\n<td>Nador, Al-Houceima, Oujda<\/td>\n<td><a href=\"http:\/\/nsa21.casimages.com\/img\/2011\/12\/20\/111220015408154097.jpg\" target=\"_blank\">Photo<\/a><\/td>\n<\/tr>\n<tr>\n<td><span style=\"color: #264d20;\">Section Taza<br \/>\n<\/span><\/td>\n<td>Taza, Guercif<\/td>\n<td><a href=\"https:\/\/fbcdn-sphotos-a.akamaihd.net\/hphotos-ak-ash4\/387675_338917202794927_249180538435261_1305959_2024052114_n.jpg\" target=\"_blank\">Photo<\/a><\/td>\n<\/tr>\n<tr>\n<td><span style=\"color: #264d20;\">Secci\u00f3n Norte<\/span><\/td>\n<td>Tanger, Assila, T\u00e9touan, Larache<\/td>\n<td><a href=\"http:\/\/fbcdn-sphotos-h-a.akamaihd.net\/hphotos-ak-ash3\/945581_590475027639142_180732102_n.jpg\" target=\"_blank\">Photo<\/a><\/td>\n<\/tr>\n<\/tbody>\n<\/table>\n","protected":false},"excerpt":{"rendered":"<p>Depuis la cr\u00e9ation du groupe en 2006, la famille UE ne cesse de grandir, et le nombre de sections Eagles dans les coins du maroc ne font que prouver cela. Le comment de la cr\u00e9ation des sections et g\u00e9n\u00e9ralement le m\u00eame pour toutes nos sections: Des rajaouis de la m\u00eame ville s&#8217;organisent et jugent important [&hellip;]<\/p>\n","protected":false},"author":1,"featured_media":0,"parent":205,"menu_order":3,"comment_status":"open","ping_status":"open","template":"","meta":{"footnotes":""},"class_list":["post-211","page","type-page","status-publish","hentry"],"_hostinger_reach_plugin_has_subscription_block":false,"_hostinger_reach_plugin_is_elementor":false,"_links":{"self":[{"href":"https:\/\/ue06.org\/fr\/index.php?rest_route=\/wp\/v2\/pages\/211","targetHints":{"allow":["GET"]}}],"collection":[{"href":"https:\/\/ue06.org\/fr\/index.php?rest_route=\/wp\/v2\/pages"}],"about":[{"href":"https:\/\/ue06.org\/fr\/index.php?rest_route=\/wp\/v2\/types\/page"}],"author":[{"embeddable":true,"href":"https:\/\/ue06.org\/fr\/index.php?rest_route=\/wp\/v2\/users\/1"}],"replies":[{"embeddable":true,"href":"https:\/\/ue06.org\/fr\/index.php?rest_route=%2Fwp%2Fv2%2Fcomments&post=211"}],"version-history":[{"count":35,"href":"https:\/\/ue06.org\/fr\/index.php?rest_route=\/wp\/v2\/pages\/211\/revisions"}],"predecessor-version":[{"id":1177,"href":"https:\/\/ue06.org\/fr\/index.php?rest_route=\/wp\/v2\/pages\/211\/revisions\/1177"}],"up":[{"embeddable":true,"href":"https:\/\/ue06.org\/fr\/index.php?rest_route=\/wp\/v2\/pages\/205"}],"wp:attachment":[{"href":"https:\/\/ue06.org\/fr\/index.php?rest_route=%2Fwp%2Fv2%2Fmedia&parent=211"}],"curies":[{"name":"wp","href":"https:\/\/api.w.org\/{rel}","templated":true}]}}