{"id":219,"date":"2010-01-22T22:16:45","date_gmt":"2010-01-22T22:16:45","guid":{"rendered":"http:\/\/localhost\/Ue06\/?page_id=219"},"modified":"2013-08-06T00:50:40","modified_gmt":"2013-08-06T00:50:40","slug":"nous-contacter","status":"publish","type":"page","link":"https:\/\/ue06.org\/fr\/?page_id=219","title":{"rendered":"Nous Contacter"},"content":{"rendered":"<p>Demande d&#8217;informations: Matos, Rendez-Vous &#8230;<br \/>\n<span style=\"color: #264d20;\">06 61 43 07 05<br \/>\n06 62 40 68 31<\/span><br \/>\n<span style=\"color: #264d20;\"><br \/>\n<\/span><\/p>\n<p>Soucis ou probl\u00e8me avec le portail:<br \/>\n<span style=\"color: #264d20;\">joundi@ue06.org<\/span><\/p>\n<p>Soucis ou probl\u00e8me avec le forum:<br \/>\n<span style=\"color: #264d20;\">ahkr@ue06.org<\/span><\/p>\n<p>&nbsp;<\/p>\n<p>Coordonn\u00e9s de contact pour les\u00a0 rajaouis hors casa:<\/p>\n<p><span style=\"color: #264d20;\">Capital<\/span><br \/>\n06 52 23 49 23<br \/>\n<span style=\"color: #264d20;\">Centro<\/span><br \/>\n06 66 48 84 23<br \/>\n<span style=\"color: #264d20;\">Oriental<\/span><br \/>\n06 70 54 31 22<br \/>\n<span style=\"color: #264d20;\">Atlantico<\/span><br \/>\n06 45 56 26 65<br \/>\n<span style=\"color: #264d20;\">Berrechid<\/span><br \/>\n06 06 62 06 63<br \/>\n<span style=\"color: #264d20;\">Taza<\/span><br \/>\n06 06 88 11 46<br \/>\n<span style=\"color: #264d20;\">South<\/span><br \/>\n06 02 13 00 37<br \/>\n<span style=\"color: #003300;\">Palmo Regione<\/span><br \/>\n06 61 29 12 33<br \/>\n<span style=\"color: #003300;\">Mohamedia<\/span><br \/>\n06 61 66 85 09<br \/>\n<span style=\"color: #003300;\">Sahara<\/span><br \/>\n06 29 00 40 08<br \/>\n<span style=\"color: #003300;\">Atlas<\/span><br \/>\n06 33 05 69 51<br \/>\n<span style=\"color: #003300;\">Europe<\/span><br \/>\n00 39 38 87 53 14 02<\/p>\n","protected":false},"excerpt":{"rendered":"<p>Demande d&#8217;informations: Matos, Rendez-Vous &#8230; 06 61 43 07 05 06 62 40 68 31 Soucis ou probl\u00e8me avec le portail: joundi@ue06.org Soucis ou probl\u00e8me avec le forum: ahkr@ue06.org &nbsp; Coordonn\u00e9s de contact pour les\u00a0 rajaouis hors casa: Capital 06 52 23 49 23 Centro 06 66 48 84 23 Oriental 06 70 54 31 [&hellip;]<\/p>\n","protected":false},"author":1,"featured_media":0,"parent":0,"menu_order":5,"comment_status":"open","ping_status":"open","template":"","meta":{"footnotes":""},"class_list":["post-219","page","type-page","status-publish","hentry"],"_hostinger_reach_plugin_has_subscription_block":false,"_hostinger_reach_plugin_is_elementor":false,"_links":{"self":[{"href":"https:\/\/ue06.org\/fr\/index.php?rest_route=\/wp\/v2\/pages\/219","targetHints":{"allow":["GET"]}}],"collection":[{"href":"https:\/\/ue06.org\/fr\/index.php?rest_route=\/wp\/v2\/pages"}],"about":[{"href":"https:\/\/ue06.org\/fr\/index.php?rest_route=\/wp\/v2\/types\/page"}],"author":[{"embeddable":true,"href":"https:\/\/ue06.org\/fr\/index.php?rest_route=\/wp\/v2\/users\/1"}],"replies":[{"embeddable":true,"href":"https:\/\/ue06.org\/fr\/index.php?rest_route=%2Fwp%2Fv2%2Fcomments&post=219"}],"version-history":[{"count":36,"href":"https:\/\/ue06.org\/fr\/index.php?rest_route=\/wp\/v2\/pages\/219\/revisions"}],"predecessor-version":[{"id":1206,"href":"https:\/\/ue06.org\/fr\/index.php?rest_route=\/wp\/v2\/pages\/219\/revisions\/1206"}],"wp:attachment":[{"href":"https:\/\/ue06.org\/fr\/index.php?rest_route=%2Fwp%2Fv2%2Fmedia&parent=219"}],"curies":[{"name":"wp","href":"https:\/\/api.w.org\/{rel}","templated":true}]}}