{"id":663,"date":"2010-10-16T15:53:23","date_gmt":"2010-10-16T15:53:23","guid":{"rendered":"http:\/\/ue06.org\/fr\/?page_id=663"},"modified":"2010-10-18T02:27:24","modified_gmt":"2010-10-18T02:27:24","slug":"rjal-lblad","status":"publish","type":"page","link":"https:\/\/ue06.org\/fr\/?page_id=663","title":{"rendered":"Rjal L&#8217;Blad"},"content":{"rendered":"<p><object style=\"visibility: visible; width: 410px; height: 311px;\" classid=\"clsid:d27cdb6e-ae6d-11cf-96b8-444553540000\" width=\"410\" height=\"311\" codebase=\"http:\/\/download.macromedia.com\/pub\/shockwave\/cabs\/flash\/swflash.cab#version=6,0,40,0\"><param name=\"name\" value=\"myflashfetish\" \/><param name=\"bgcolor\" value=\"222222\" \/><param name=\"flashvars\" value=\"mycolor=222222&amp;mycolor2=32d42d&amp;mycolor3=FFFFFF&amp;autoplay=true&amp;rand=0&amp;f=4&amp;vol=100&amp;pat=0&amp;grad=false\" \/><param name=\"src\" value=\"http:\/\/assets.mixpod.com\/swf\/mp3\/mixpod.swf?myid=69548039&amp;path=2010\/10\/15\" \/><param name=\"wmode\" value=\"window\" \/><param name=\"quality\" value=\"high\" \/><embed style=\"visibility: visible; width: 410px; height: 311px;\" type=\"application\/x-shockwave-flash\" width=\"410\" height=\"311\" src=\"http:\/\/assets.mixpod.com\/swf\/mp3\/mixpod.swf?myid=69548039&amp;path=2010\/10\/15\" quality=\"high\" wmode=\"window\" flashvars=\"mycolor=222222&amp;mycolor2=32d42d&amp;mycolor3=FFFFFF&amp;autoplay=true&amp;rand=0&amp;f=4&amp;vol=100&amp;pat=0&amp;grad=false\" bgcolor=\"222222\" name=\"myflashfetish\"><\/embed><\/object><\/p>\n<p><span style=\"color: #264d20;\">*49 Cham3a Dawat*<\/span><\/p>\n<p>Ohoo Ohooo Oho&#8230;.. Ohoo Ohoo Oho<\/p>\n<p>49, Nejma Alina Dawat&#8230;. Derb Sultan, Dawa Kif Lmalaak<br \/>\nRaja2 Lkh\u00e9\u00e9r, 3la L3al\u00e9 Tsemat&#8230;b&#8217;Loun L&#8217;Islame, Allah Yer7am Men Semak<\/p>\n<p>Lkhadra Ostoura, Tarikh Ygolikom&#8230;N7ekmo f Lkoora, Men Yam P\u00e9re JiGo<br \/>\n7kaya Mechehoura, Sghaw S9iw Wednikom&#8230; Basmouha Nsoura Men Mondial Mexico<\/p>\n<p>3am 70, Fte7 7oman Sahra&#8230;. 98 Khtemha Bassir b Mara<br \/>\nw 2005, f Hollanda Chto Li Sra&#8230;3lam Lmaghr\u00e9b, 3ala b wlad Lkhadra&#8230;.. 9arn L3achrin Dawa b Wlad Lkhadra<\/p>\n<p>Ohoo Ohoo Ohooo&#8230; Ohoo Ohoo Ohooo<\/p>\n<p>Reccord o Score, Coupat w Botoulat&#8230;. Les coupes Des Tr?nes,w LCAF Li Tkhetmat<br \/>\nSuper Coupe, L&#8217;AFRO w Finalaat&#8230;. Sbab Ljomhour, Coupe D&#8217;ARABE Tchahrat<\/p>\n<p>Hado Les Verts, M3ahom Te7la Sahra&#8230;. Baloun Ouvert, ChaY3in w Bla Hadra<br \/>\nChampions Ligue, Che7al Men Najma Safra&#8230; Ma7laha Snin, Netmena Dour Dawra<\/p>\n<p>Yam 90, Ra7et Ya 7asra&#8230;. REAL f Paulo, w 7aro Chafo L9ahra<br \/>\nTarikh Kbir, Palmares w Chohra&#8230; L3alam Partout, Se7rethom Lkhadra&#8230;. 3allam Partout Bahrethom Lkhadra<\/p>\n<p>Ohoo Ohoo Ohooo&#8230; Ohoo Ohoo Ohooo<\/p>\n<p>VOX POPULI Sme3nah f 2000&#8230;.Tmenaw Symba RAKH? f Lbr\u00e9zil<br \/>\nLverd\u00e9 La Grand\u00e9, 7abouha Cha3biyin&#8230;. 99, Far7at LmalaY\u00e9\u00e9n<\/p>\n<p>Champion\u00e9 f Maroc, w La Ligua D&#8217;Afrique&#8230;.w Lcoupe Du Monde, Chafo Haja Magic<br \/>\nw f PALAIS ROYAL sta9belna Lmalik&#8230;. Baraka Mli Le ROI Yesta3ref Bik<\/p>\n<p>ChaKhsiya 3aliya, o Cha3biya&#8230; Charef Lina RAJA L3alamia<br \/>\nViva La Grand\u00e9 Rca LGhaliya&#8230;w T3ich Lmamlaka Lmaghribia&#8230;w T3ich Lmamlaka Lmaghribia<\/p>\n<p>Ohoo Ohoo Ohooo&#8230; Ohoo Ohoo Ohooo<\/p>\n<p><span style=\"color: #264d20;\">*Wlad Lkhadra*<\/span><\/p>\n<p>Wlad Lkhadra Ga3 3a9eliYa&#8230;<br \/>\nFort w L7atta RajawiYa&#8230;<br \/>\nPartout 3aYchin L7oriYa..<br \/>\nMa7la LM3icha cha3biYa&#8230;. Ma7la L3icha MaGharibiYa<\/p>\n<p>w Nta Ya Wjeh LmiziriYaa&#8230;. Tgoul 3a9eliya GawriYa..<br \/>\nNta Mbeleed b L&#8217;OmiYa&#8230;.w Zayedha b LfaransiYaa&#8230; Ya Rou7 Bedel LjinsiYaa<br \/>\nL3alem Rab\u00e9, f Chi Li Mkhab\u00e9.. Yal\u00e9 Tarikho Mechbouh<br \/>\nBana Cha3b\u00e9, w Demo 3arb\u00e9&#8230;. Gol\u00e9 Ntaya Bak Chkoun&#8230;, Wla Ghir Zay\u00e9d f Lkoun<br \/>\n3rafna Lblan&#8230; Tsetro w 7echmo &#8230;7na Rjal Dar&#8230; 7na Li N7ekmo<\/p>\n<p>7adernakom Derna MziYa&#8230;<br \/>\nTra\u00e7ina Likom DenYa&#8230;<br \/>\n7alina biban IfriQuia..<br \/>\nWa9tach Nchofokom f GhinYa&#8230; Jamais Lokan Tefna Denya<\/p>\n<p>Cha3elna Nour f Lmaroc&#8230; Dawina 3al Curva Nord..<br \/>\nN9ariw nZido Les cours&#8230; w Lboujad\u00e9 3a9lo Me7sour&#8230; 3ayech f Dalam Ydour<br \/>\nBida2\u00e9 Ma 9ar\u00e9, Ma Dar\u00e9 chno Sar\u00e9&#8230;. f Lghana Li Le3rab Ga3 3ach9ouuh<br \/>\nYpirat\u00e9 Sans arr\u00eat, Album Men Cabar\u00e9&#8230; c Norman y3ach9o fih Lihoud&#8230; solala Tarikh Jdouud<br \/>\n3la Dhar Lblad&#8230; t2asesto&#8230; Trab o L3lam&#8230; fih sme7to<\/p>\n<p>Ohoo Ohooo Ohooo&#8230;.<br \/>\nOhoo Ohooo Ohooo&#8230;<br \/>\nAhaa Ahaaa Ahaaa&#8230;<br \/>\nLa La La La&#8230; La La La La<\/p>\n<p>la la la la&#8230; la la la la&#8230;<br \/>\nla la la la&#8230; la la la la&#8230; la la laa<br \/>\nOhoo, Ahaaa.. Al\u00e9 yale yaliyouu<br \/>\nOhoo, Ahaaa.. Al\u00e9 yale yaliyouu&#8230; Al\u00e9 yale yaliyouu<br \/>\nLa La La&#8230; Hol\u00e9 Hola&#8230; La La La &#8230; Hol\u00e9 holaa<\/p>\n<p><span style=\"color: #264d20;\">*30 Millions Nassama*<\/span><\/p>\n<p>Yhadro f Lpass\u00e9 N3arfohom Ghir Dawin<br \/>\nHoma Khawana 7na Wlad Lblad Bayn\u00e9n<br \/>\nAsouna Rjal f 49<br \/>\nMen Derb Sultan Tal3o Fida2iyin&#8230;Ya 3echna Rjal f Denya cha3biyin<\/p>\n<p>Khalaha Wsiya P\u00e9re Jigo Allah Yra7mo<br \/>\nRCA diyalna w 7naya Li N7ekmo<br \/>\nYa Men Bekri Winma Nrou7o Nsa3ro<br \/>\no 30 millions Nassama&#8230; Li T7eb Lkhadra w Lba9i Khawana..<\/p>\n<p>Bano Johala 7abo Y3icho f Lblad<br \/>\nSarna Lhom Cauchemar 3ayechnahom f 3daab<br \/>\nyaw 6 snin Mtab3ha botolat<br \/>\nLes Coupes D&#8217;Afrique o ga3 Titraat.. Sar L3alam Ye7ki alina 7kayat<\/p>\n<p><span style=\"color: #264d20;\">*Mama Afriqua*<\/span><\/p>\n<p>Ohooo Ohooo Mama Africa<br \/>\nOhoo Ohoo Lkhadra La Magica<br \/>\nLa la la la la la<br \/>\nLa la la la la la<\/p>\n<p>Lverd\u00e9 biancOo, Mi vida Te QuierOo<br \/>\nRaj3\u00e9n LCampeon, N7ekmo Men a ZerOo<br \/>\nVamos Ya Lwlad, Tam3\u00e9n f Lplace PrimerOo<br \/>\nNhezo Drapeau Lblad, Inchalah La Ligua Men Africa NerOo<\/p>\n<p>96 Tfakerto, Ramdan TsotitOo<br \/>\n97 Ga3ma Bento, Ya Win TkhabitOo<br \/>\n6 Sniin Scodito,Che7al Men 3osbat w Ch7al TnikitOO<br \/>\n98 f Torino, w Ntouma Tetghenaw biha Bech 7esito<\/p>\n<p>ChaY3\u00e9n Partout, Lbr\u00e9zil Tgolikom<br \/>\n7\u00e9me Mondialement, f 2000 Wesh NsitOo<br \/>\nw Lcoupe Li 7ebito, w titrat Li Ga3 TmenitOo<br \/>\nBaraka Tkechekhto, f tunisie w Rje3to w Khalitouh<\/p>\n<p>Ohooo Ohooo Mama Africa<br \/>\nOhoo Ohoo Lkhadra La Magica<br \/>\nLa la la la la la<br \/>\nLa la la la la la<\/p>\n<p><span style=\"color: #264d20;\">*Aquile*<\/span><\/p>\n<p>Win Gassrat Bekri Wi yamna, Lkherja Te7la Liaa<br \/>\nKolchi Labes CELTIC o zadmin, w L7atta Cha3biya..L3youn w Rachidiya<br \/>\nWin kano Bajda&#8230; Kelimin\u00e9 w Danoun&#8230; LYoum L9Awha Wajda.. Raye7 Ya Lpok\u00e9mon<br \/>\nMa3rftinach Chkouun&#8230;. AQUILE Ohooo Ohoo Ohoo Ahaaa ahaaa ahaaaa<\/p>\n<p>Jibo War9A w Stylo w Stafdo, Rana Nfahmokom<br \/>\nw 3lach Thadro b Klamna, w Tgolo Lghakom.. Allah Ye3tina Wjahkom<br \/>\nLghna Lowl diyelna.. w Ntouma ghir Tab3in&#8230; Ghra9to f L9arsana.. Tema B9ito 7aslin<br \/>\nRakom Retard Kamlin&#8230;. BOU3ARA Ohooo Ohoo Ohoo Ahaaa ahaaa ahaaaa<\/p>\n<p>Hado Wlad Lkhadra Rejalla , Ray7 w Sme3 Lklam<br \/>\nKi T3alemto M3ana L7adraa, Golto fina L&#8217;Aflam.. Lkhorafat w L&#8217;Awham<br \/>\nw 7na Ma3labanach&#8230; 3aychin La Libert\u00e9.. Wahd Ma YSalnach.. Ma bina Ghir Lverd\u00e9..<br \/>\nw Lkhouuf ghir Men Rabii&#8230; MOULANNA Ohooo Ohoo Ohoo Ahaaa ahaaa ahaaaa<\/p>\n<p><span style=\"color: #264d20;\">*Molouk Lmkan*<\/span><\/p>\n<p>Ohoo Ohoo La La La<br \/>\nOhoo Ohoo La La La<br \/>\nOhoo Ohoo La La La<br \/>\nEyaliyou&#8230; hol\u00e9 Hol\u00e9 Hola, Eyaliyou&#8230; hol\u00e9 Hol\u00e9 Hola<br \/>\nYa la la la&#8230;<br \/>\nla la la la&#8230;<br \/>\nla la la la..<br \/>\nDal\u00e9 Yal\u00e9&#8230; Hola holahou, Dal\u00e9 Dal\u00e9&#8230; hola Holahou<\/p>\n<p>Moulouk Lmkan, Kelma Raha Lina..<br \/>\nN7ekmo Mn Zman, Kifma Te7la Lina..<br \/>\nKtab Al Adghal, li 7kawLna Waldina..<br \/>\nNsser Lkhadra&#8230;Le ROI d&#8217;Afriqua, Njoumo Safra&#8230; Basma f La Ligua<br \/>\nAllez Les verts, 7ay\u00e9w Lina Zmana..<br \/>\n7ab\u00e9t Nt\u00e9r, w Nerje3 fi Yamna..<br \/>\nIyam Lkhir, Che7al Far7\u00e9t Bladna..<br \/>\nfi L&#8217;Ans 2000&#8230; Rakh\u00e0 Zahatna, f Lbr\u00e9zil&#8230; Kolchi Hez 3lamna<\/p>\n<p>Cha3b Sa3ra, w 3cha9a f Lbaloun..<br \/>\nCha3b Tawra, w Lmassirat f Lmdoun..<br \/>\nN7ebo Lkhadra, w Nkarho Bohamroun..<br \/>\nGalo Dakhlat&#8230; Lihom L7adara, w Homa Kherjat&#8230; Menhom Da3ara<br \/>\nGa3 Bouzebal, Li Yehdar Morana..<br \/>\nRekbo Lehbal, Ki Chaf f Lmagana..<br \/>\nFehmo Lmohal, 3arfo R7hom Johala..<br \/>\nWednih Kbar&#8230; w Ghare9 f Lgharam, Khali Le7mar&#8230; w 3ayech f Dallam<\/p>\n<p>Ohoo Ohoo La La La..<br \/>\nOhoo Ohoo La La La..<br \/>\nOhoo Ohoo La La La..<br \/>\nEyaliyou&#8230; hol\u00e9 Hol\u00e9 Hola, Eyaliyou&#8230; hol\u00e9 Hol\u00e9 Hola<br \/>\nYa la la la..<br \/>\nla la la la..<br \/>\nla la la la..<br \/>\nDal\u00e9 Yal\u00e9&#8230; Hola holahou, Dal\u00e9 Dal\u00e9&#8230; hola Holahou<\/p>\n<p><span style=\"color: #264d20;\">*3 Nejmat*<\/span><\/p>\n<p>B l3a9liaa.. Siyasiyaa.. Jina ngolo Sa7ra Maghribiyaa (2)<br \/>\nSme3ni ya lbida2iyuuu.. Rajaoui Khayb f Rayouu&#8230;7na li Ktebna Sinaryo.. w Hejna 3La Polizariyoo<br \/>\nFrimijaa&#8230;. tbou3iraa&#8230; w Lm3icha Gal\u00e9k f shiraton<br \/>\nYa Rwa7 Tchof&#8230; T7ansiraa&#8230; Bato f Lkhlaaa Ta7t Lgu\u00e9ton<\/p>\n<p>7alto mahiya 7alaaa, Wi 3ayet Allez Les Rouges<br \/>\nw Khto Dayra Mehzalaaa, Tsawerha f Lcarr\u00e9-rouge<\/p>\n<p>Nessinaa&#8230; f Li Faat&#8230;.Ra Twa7echna douk Liyamaat<br \/>\nTitraat&#8230; o botolaat&#8230; Mondiaal o 3 nejmaat<\/p>\n<p>Ya sidi Lpr\u00e9sident, Bghina Lkhadra diyel Zmaan<br \/>\nWla Ndiro R\u00e9volution, o Matsme3 Ghir Sebaan<\/p>\n<p><span style=\"color: #264d20;\">*Derb Sultan*<\/span><\/p>\n<p>Hol\u00e9 Hol\u00e9.. Hol\u00e9 Hola&#8230; Hol\u00e9 Hol\u00e9 Hol\u00e9 Hola<br \/>\nla la la la.. Aha Oho<br \/>\nla la la la.. Ohoooo<br \/>\nla la la la.. Aha Oho<br \/>\nla la la la.. Ohoooo&#8230;.la la la la.. Ohoooo<\/p>\n<p>Golo Inchalah&#8230; Waya Choban&#8230; w Njibouha NWeliw Liyam Zman<br \/>\nGolo Inchalah&#8230; Waya Choban&#8230; w M3a Lkhadra N7ekmo fi Kol mkan<br \/>\nYa Simo Ya Oulhaj&#8230; Ahaa Ohoo<br \/>\nMen Bekri Weld Lvirage.. Ohooo<br \/>\nf La D\u00e9ffence Dayr Baraj.. Ahaa Ohoo<br \/>\nLa Jeunesse w Lcourage.. Ohooo , Rojola Machi Formaj&#8230; Ohoooo<\/p>\n<p>Darba Darba&#8230; Hia Dwana&#8230; 3ache9 Lkhadra f Denya Nesana<br \/>\nDarba Darba&#8230; Hia Dwana&#8230; 7ob Lkhadra 3la Denya Nesana<br \/>\nYa Jrindo Ya 9obtan.. Ahaa Ohoo<br \/>\nb Rzana Yfaji Lm7an.. Ohooo<br \/>\nw Nejarri Ya Fanan.. Ahaa Ohoo<br \/>\nb Lhandasa w Lmizan .. Ohooo , f Lbaloun Ando Al7aan.. Ohooo<\/p>\n<p>Derb Sultan&#8230; Chohadaa&#8230; La Resistance f Chari3 Lfida<br \/>\nDerb Sultan&#8230; Chohadaa&#8230; Mo9awama f Chari3 Lfida<br \/>\nWlad Lkhadra Ga3 Rjaal.. Ahaa Ohoo<br \/>\nMen bekri N7ebo Ljihad.. Ohooo<br \/>\n7arebna 9bel Isti9lal&#8230; Ahaa Ohoo<br \/>\nCha3biyin 7aro Lblad.. Ohooo ; Lkhawana Yeb9aw B3aad.. Ohooo<\/p>\n<p>One World.. One Dream&#8230; One Love, One Team<br \/>\nla la la la.. Aha Oho<br \/>\nla la la la.. Ohoooo<br \/>\nla la la la.. Aha Oho<br \/>\nla la la la.. Ohoooo&#8230;.la la la la.. Ohoooo<\/p>\n<p><span style=\"color: #264d20;\">*Chekh Lboujada*<\/span><\/p>\n<p>2x la la la la&#8230; Hola hola houu<br \/>\n2x La La La, Eyaliyou&#8230; La La La Eyaliyou<br \/>\nla la la la&#8230;la la la&#8230;la la la&#8230;la la la<br \/>\nDal\u00e9 Dal\u00e9.. Allyaliyou&#8230; Dal\u00e9 Yal\u00e9.. Eyaliyou<\/p>\n<p>wa ya chikh Lboujada&#8230;Bik Nchedo Lyoum Stoun&#8230;Nkhal9o 3lik sa3ada&#8230;w Nfercho Ga3 Li Mestour<br \/>\nYa L7\u00e9mri, Dir Mziya&#8230; Jina Raghb\u00e9n, fDik Lwliya<br \/>\nYa L7\u00e9mri, fin Lwsiya&#8230; Rana Rahn\u00e9n, Dik Lwliya<br \/>\nGa3 Lmaroc 3ayno fiha&#8230; w Ljarad Ysa9si 3liha&#8230;Sme3na bli Khtabtiha&#8230;w L7orma Lmalihaa<br \/>\nJibha t7an\u00e9&#8230; Had Lila&#8230;. w Lokhra Tghan\u00e9&#8230; Nta Chta7 Lina<\/p>\n<p>Khatyahom L7arbiyaa&#8230;.Ri7 Li Ja Ydihom&#8230;3 Ra7o Da7iya&#8230; Galo Tchefina fihom<br \/>\nVirajkom, kolo 7kayat&#8230; Rabiw Wladkom, Douk Lwliyat<br \/>\nVirajkom, Kolo 7kayat&#8230; Kon f7alkom, N9otlo L7ayat<br \/>\nYamkom wllah Ma Te7la&#8230; M3ana t3icho f Lme7na&#8230;w S7ourkom w L3ayn LKa7la&#8230;3al 7ajeb Jamais Te3la<br \/>\nSghir fihom&#8230; Sakhi biha&#8230; Wesh bihom&#8230; Kebro 3lihaa<\/p>\n<p>Ltof bina Ya Setar&#8230; Krahna L3icha m3a Les rouges&#8230; Jabo Lcasa ghir L3ar&#8230; Jdoudna che7al 7argo fihom<br \/>\nSolo Raja, N7ekmo Lmkan&#8230; f Derby, Kolchi Ki ban<br \/>\nLformaja, Kidir Lplein&#8230; f Rachidi, Wahd Mayban<br \/>\nChe7al Derna Lik L7araj&#8230; Rak T3ani f Lvirage<br \/>\nBa9i sghir Chebti f L&#8217;Age&#8230; M3ana 3ayech Ghi Courage<br \/>\n9adrouna&#8230; Ya wlad Lyoum&#8230; w Sam7ouna.. La 7al Ydoum&#8230;<\/p>\n<p>2x la la la la&#8230; Hola hola houu<br \/>\n2x La La La, Eyaliyou&#8230; La La La Eyaliyou<br \/>\nla la la la&#8230;la la la&#8230;la la la&#8230;la la la<br \/>\nDal\u00e9 Dal\u00e9.. Allyaliyou&#8230; Dal\u00e9 Yal\u00e9.. Eyaliyou<\/p>\n<p><span style=\"color: #264d20;\">*Pere Jego*<\/span><\/p>\n<p>Pere jego mat O khelana<br \/>\nAllayra7mou 3a lkhadra wsana<br \/>\njamais nsem7ou nfdiwha b7iyatna<br \/>\nw 3liha nmouto wnriskiw b rwa7na<br \/>\n3andna tarikh , titrat , w jomhour<br \/>\n3andna virage 7adara w decor<br \/>\nFid\u00e9l pour tjr , a la vie a la mort<\/p>\n<p>49 w l3alem Moulana<br \/>\njina cha3byiin skara f lkhawana<br \/>\njebna L&#8217;isti9laL w 7arerna bladna<br \/>\n7naya kona rjal nsakrifiw brwa7na<br \/>\nb Rou7 b Dam nefdik kil3ada<br \/>\nwlad lkhadra men bekri chohada<br \/>\nmashi ki L7oulafa , Li daw Kas ben 3aRfa !!<\/p>\n<p>Rca walah Oustoura<br \/>\n3andna les jeunes, medrasa f lkoora<br \/>\nNumber One , partout meshHoura<br \/>\nnshalah ya ra7man , siempre Mansoura<br \/>\nPitcho , 7oman , 7edawi dolmi<br \/>\nRab7 sa3dan , wa7id w filoni<br \/>\nBen Abadji , all\u00e9 lverde<\/p>\n<p>Ooh Ooh Ooo Ooo (*4)<br \/>\nAl\u00e9 Al\u00e9 Al\u00e9 Ooo<br \/>\nAl\u00e9 Al\u00e9 Al\u00e9 Ooo<br \/>\nial\u00e9 al\u00e9 Oo, ial\u00e9 al\u00e9 Oo<\/p>\n<p><span style=\"color: #264d20;\">*Rjal L&#8217;blad*<\/span><\/p>\n<p>Inchalah Liyam dour&#8230; Tal3a N7ekmo Lport<br \/>\nLilah ya babour&#8230; 9ale3 Blama Dour<br \/>\nNrou7o Lbar\u00e7alouna, w La roma, w Rb\u00e9 Kbiir<br \/>\nNfouto Ghir L7ouma, Ya Lmima,,Ghir D3i Belkhir<br \/>\nNzadmo f bar\u00e7alouna, w La Roma, Tema l&#8217;Avenir<br \/>\nNfouto Ghir L7ouma, Ya Lmima , D3iLi Belkhir<\/p>\n<p>Ohoo Ohooo Ohoo Ohooo&#8230;Rajawi\u2026.. Ahaa haa haaaa..<br \/>\nOhoo Ohooo Ohoo Ohooo&#8230;Rajawi\u2026.. Ahaa haa haaaa..<\/p>\n<p>Lkhadra Haja Fort&#8230; f Lbaloun Tfaj\u00e9 Lhmoum<br \/>\nHada Msha Ara Lakhor&#8230; B Darba 3lik Edour<br \/>\nDolmi, Selami, Bassir Tarikh Kbiir<br \/>\nFahmi , Achami , o Nazir Liyam Lkhir<br \/>\nDolmi ,l7edawi , o Basiir Yam Les verts<br \/>\nFahmi ,Riya7i, o Nat\u00e9r, Liyam Lkhir<\/p>\n<p>Ohoo Ohooo Ohoo Ohooo&#8230;Rajawi\u2026.. Ahaa haa haaaa..<br \/>\nOhoo Ohooo Ohoo Ohooo&#8230;Rajawi\u2026.. Ahaa haa haaaa..<\/p>\n<p>Rca Mon Amour&#8230; \u00e0 La Vie \u00e0 la mort<br \/>\nSe7rat Lina Le3e9oul&#8230; Dawat 3la Had Lkoun<br \/>\nAsouha ,Nass Chdad, w 3liha Daro La Guerre<br \/>\n3ach9ouha, Rjal L&#8217;blad, Kol Mdina, Kbir w Sghir<br \/>\nOhoo Ohooo Ohoo Ohooo&#8230;Rajawi\u2026.. Ahaa haa haaaa..<br \/>\nOhoo Ohooo Ohoo Ohooo&#8230;Rajawi\u2026.. Ahaa haa haaaa..<\/p>\n","protected":false},"excerpt":{"rendered":"<p>*49 Cham3a Dawat* Ohoo Ohooo Oho&#8230;.. Ohoo Ohoo Oho 49, Nejma Alina Dawat&#8230;. Derb Sultan, Dawa Kif Lmalaak Raja2 Lkh\u00e9\u00e9r, 3la L3al\u00e9 Tsemat&#8230;b&#8217;Loun L&#8217;Islame, Allah Yer7am Men Semak Lkhadra Ostoura, Tarikh Ygolikom&#8230;N7ekmo f Lkoora, Men Yam P\u00e9re JiGo 7kaya Mechehoura, Sghaw S9iw Wednikom&#8230; Basmouha Nsoura Men Mondial Mexico 3am 70, Fte7 7oman Sahra&#8230;. 98 Khtemha [&hellip;]<\/p>\n","protected":false},"author":1,"featured_media":0,"parent":217,"menu_order":0,"comment_status":"open","ping_status":"open","template":"","meta":{"footnotes":""},"class_list":["post-663","page","type-page","status-publish","hentry"],"_hostinger_reach_plugin_has_subscription_block":false,"_hostinger_reach_plugin_is_elementor":false,"_links":{"self":[{"href":"https:\/\/ue06.org\/fr\/index.php?rest_route=\/wp\/v2\/pages\/663","targetHints":{"allow":["GET"]}}],"collection":[{"href":"https:\/\/ue06.org\/fr\/index.php?rest_route=\/wp\/v2\/pages"}],"about":[{"href":"https:\/\/ue06.org\/fr\/index.php?rest_route=\/wp\/v2\/types\/page"}],"author":[{"embeddable":true,"href":"https:\/\/ue06.org\/fr\/index.php?rest_route=\/wp\/v2\/users\/1"}],"replies":[{"embeddable":true,"href":"https:\/\/ue06.org\/fr\/index.php?rest_route=%2Fwp%2Fv2%2Fcomments&post=663"}],"version-history":[{"count":5,"href":"https:\/\/ue06.org\/fr\/index.php?rest_route=\/wp\/v2\/pages\/663\/revisions"}],"predecessor-version":[{"id":669,"href":"https:\/\/ue06.org\/fr\/index.php?rest_route=\/wp\/v2\/pages\/663\/revisions\/669"}],"up":[{"embeddable":true,"href":"https:\/\/ue06.org\/fr\/index.php?rest_route=\/wp\/v2\/pages\/217"}],"wp:attachment":[{"href":"https:\/\/ue06.org\/fr\/index.php?rest_route=%2Fwp%2Fv2%2Fmedia&parent=663"}],"curies":[{"name":"wp","href":"https:\/\/api.w.org\/{rel}","templated":true}]}}