{"id":668,"date":"2010-10-16T15:55:34","date_gmt":"2010-10-16T15:55:34","guid":{"rendered":"http:\/\/ue06.org\/fr\/?page_id=668"},"modified":"2010-10-16T15:55:34","modified_gmt":"2010-10-16T15:55:34","slug":"vox-populi","status":"publish","type":"page","link":"https:\/\/ue06.org\/fr\/?page_id=668","title":{"rendered":"Vox Populi"},"content":{"rendered":"<p><object style=\"width: 410px; height: 311px;\" classid=\"clsid:d27cdb6e-ae6d-11cf-96b8-444553540000\" width=\"410\" height=\"311\" codebase=\"http:\/\/download.macromedia.com\/pub\/shockwave\/cabs\/flash\/swflash.cab#version=6,0,40,0\"><param name=\"data\" value=\"http:\/\/assets.myflashfetish.com\/swf\/mp3\/mixpod.swf\" \/><param name=\"quality\" value=\"high\" \/><param name=\"scale\" value=\"noscale\" \/><param name=\"salign\" value=\"TL\" \/><param name=\"wmode\" value=\"transparent\" \/><param name=\"flashvars\" value=\"myid=38861900&amp;path=2009\/12\/21&amp;mycolor=030303&amp;mycolor2=32d42d&amp;mycolor3=ffffff&amp;autoplay=true&amp;rand=0&amp;f=4&amp;vol=100&amp;pat=11&amp;grad=false&amp;ow=410&amp;oh=311\" \/><param name=\"src\" value=\"http:\/\/assets.myflashfetish.com\/swf\/mp3\/mixpod.swf\" \/><embed style=\"width: 410px; height: 311px;\" type=\"application\/x-shockwave-flash\" width=\"410\" height=\"311\" src=\"http:\/\/assets.myflashfetish.com\/swf\/mp3\/mixpod.swf\" flashvars=\"myid=38861900&amp;path=2009\/12\/21&amp;mycolor=030303&amp;mycolor2=32d42d&amp;mycolor3=ffffff&amp;autoplay=true&amp;rand=0&amp;f=4&amp;vol=100&amp;pat=11&amp;grad=false&amp;ow=410&amp;oh=311\" wmode=\"transparent\" salign=\"TL\" scale=\"noscale\" quality=\"high\" data=\"http:\/\/assets.myflashfetish.com\/swf\/mp3\/mixpod.swf\"><\/embed><\/object><\/p>\n<p><span style=\"color: #264d20;\">*Eagles*<\/span><\/p>\n<p>EAGLES&#8221; 3La Lkhadra Tsemaat&#8230;. w 3la LmaGana Rah DaWat<br \/>\nSnin Hadi L7Kaya Bdaat&#8230;.Che3na w Cha3bia Kebrat..!!<br \/>\n2006 LTounes Zadmat&#8230;.1er Ultras Li Bachat<br \/>\nSouria Re7naLha f 2007 &#8230;.7alina Lbab Ldouk Chikhaat..!! Hooooo<\/p>\n<p>La La La La.. La La La.. La La La &#8230;H\u00e9\u00e9\u00e9\u00e9 ..!!<br \/>\nWoww Wooow Woooow Ohooooooo<\/p>\n<p>b Flous LCabar\u00e9 Daro Tal3at&#8230;Galo Lkhwinez Raha Waslat<br \/>\nTal3ate &#8221;Cha3b&#8221; Lformaja Tkhel3at&#8230;o Lportugalia Lkhel3a Kemlat..!!<br \/>\nw Sifara Alina Sa9saat&#8230;.o Sa7afa w Che7al Ketbat&#8230;<br \/>\nb LCourage Chinwia Tal3aat&#8230;f Lvirage Chafo Ga3 LoGhaat&#8230;!! Hoooo<\/p>\n<p>La La La La.. La La La.. La La La &#8230;H\u00e9\u00e9\u00e9\u00e9 ..!!<br \/>\nWoww Wooow Woooow Ohooooooo<\/p>\n<p>TaL9ouha 7alouha w Dwaw&#8230;.Jinahom b L7atta Ga3ma Jaw<br \/>\nYa Daro Dawra w Tkhebaw&#8230;. Men SenZa PauRa Rah Tzeraaw&#8230;!!<br \/>\nBida2iYouuun Lhadra Ki lWliyat&#8230; NiDaliYouuun wi 7ekmohom Lbnaat<br \/>\nCurva SeXy Raha TSaDaat&#8230;.w L&#8217;IDZ f &#8221;LouLou&#8221; Li Matrebat&#8230;<br \/>\n&#8230;Yali Winma 7ebat Tbaat&#8230;!! Tfoooooooo<\/p>\n<p>La La La La.. La La La.. La La La &#8230;H\u00e9\u00e9\u00e9\u00e9 ..!!<br \/>\nWoww Wooow Woooow Ohooooooo<\/p>\n<p><span style=\"color: #264d20;\"><br \/>\n*Senza Paura*<\/span><\/p>\n<p>La La La La La La &#8230;.. La La La La La La<br \/>\nHol\u00e9 Hol\u00e9 hol\u00e9 holaa&#8230; Hol\u00e9\u00e9 Hol\u00e9\u00e9 Hol\u00e9 Holaa<br \/>\nLa La La La La La &#8230;. La La La Eyali YaliYouuu<\/p>\n<p>Me7gouur Kedab, Dima 3ayech f 3daab&#8230;&#8230;T7alih Lbaab, M3ana Mada Ma Jaab<br \/>\nDakhel b Tanga w 7sebha Formajaa &#8230;. Koora f Chebka Cha3elnaLo 3jajaa<br \/>\nDarba f Lbalon Mikhi Mafhem Hajaa&#8230; f Lkhadra 9anoun Hada Mcha Hada Jaa<\/p>\n<p>Senza Paura w M3aak Zadmin&#8230;. Nsorna Ya Rab L3alamiin<br \/>\n&#8221;EAGLES&#8221; TawRa Winma Mchina ChaYe3iin&#8230;Hna Wlad Lkhadra Rejala w CHa3biyiin<br \/>\nYaw Goli Win Tbano Ntouma Win &#8230;. MaGana TaGhiya Te7keem f LmalaYiiin<\/p>\n<p>WydadiYouu Waya Lbida2iyouuu&#8230;. Ga3 LGhaKom Kolo Piratiouu<br \/>\nw Frimija Taxi 3 Personnes&#8230; w Rekbo Mikhi Semawh Bohamroun<br \/>\nYaw Goli Chkon Ghanat f CD Chkon&#8230;. Nad Ljaraad Ysa9sii f Telephoon&#8230;. AllOo AllOoo<br \/>\n&#8230;..Goli Chkon Ghanat f CD Chkon&#8230;. Nad Ljaraad Ysa9sii f Telephoon&#8230;. AllOo AllOoo<\/p>\n<p>La La La La La La &#8230;.. La La La La La La<br \/>\nHol\u00e9 Hol\u00e9 hol\u00e9 holaa&#8230; Hol\u00e9\u00e9 Hol\u00e9\u00e9 Hol\u00e9 Holaa<br \/>\nLa La La La La La &#8230;. La La La Eyali YaliYouuu<\/p>\n<p><span style=\"color: #264d20;\">*Lm3icha Cha3biya*<\/span><\/p>\n<p>sha ne7ki lik sha ngoul , cha3b lkhadra mehboul<br \/>\n7akm f lmalayiin , khela lbolis 7airiin<br \/>\ngalo ljarad wa3riuin , fi ga3 lmdon taghiin<br \/>\nwlad lkhadra bayniin , l7ata w lmda kamliiin<br \/>\nshi nass fina dawiin , layshafi lghiyariiin<\/p>\n<p>Hadou Ghashi lkhadra , win ma nrou7o tawra<br \/>\nl&#8217;7tilallat apart , men yamat blanc noir<br \/>\nwahran te3tiik lkhbar : 9ader lkbar ya 7maar<br \/>\nweld l7amra clochard , w khto day3a f lbar<br \/>\nshofo akram sha7dar , 3era lihom 3la l3aar<\/p>\n<p>lm3isha cha3bya , 100 % 7arbyaa<br \/>\nman3ash9o ghir hya , lkhadra latinia<br \/>\nw lkhwinez jam3ya , w kia daira mziaa<br \/>\nwydad l omya , to9adem dawdya<br \/>\njibo l3emarya , l3rossa wydadia , l3rossa wyadia , L3rosa Wydadiaa&#8230;..<\/p>\n<p><span style=\"color: #264d20;\">*Khalina Lkom Lbureau*<\/span><\/p>\n<p>La la la la Eyaliyouuuuu !!<br \/>\nLa la la la EyaliYouuuuu !! (2)<\/p>\n<p>khalina lkoom lbureau, khedmo ntouma<br \/>\n3ayshin f blad n\u00e9ro , blad lghoma<br \/>\nshi n9ousha 7abo ytiro , galo omma<br \/>\nm3ana wallah t7iro , t3isho f dalma<\/p>\n<p>yal khadra ntya blaya , wntya nouur<br \/>\nwnt\u00e9 merdi w dwaya , men bekri foort<br \/>\nshfaya f jari li 7daya , 3aysh me7gour<br \/>\nhadi mashi di3aya , hada Amouur<\/p>\n<p>l7ata w lmda kil3ada , w ma3labalnash<br \/>\njina nkhal9o sa3ada, galo kifash<br \/>\ndikor w l accesoir ,maykhal3ounash<br \/>\nmagana nass lkbar , jibo la hache<\/p>\n<p>3ayeiitona b lhdar\u00e9 ,w di3ayat<br \/>\nw bflous lkabar\u00e9, derrto dakhlat<br \/>\nliYam zina ra7t ,w rejla mshat<br \/>\nb9aw ghir Lwliyat, w fraimijaaat<\/p>\n<p><span style=\"color: #264d20;\">*Rio D_Janeiro*<\/span><\/p>\n<p>(2) La La La La, Hol\u00e9 Hol\u00e9 Hol\u00e9 Hola&#8230;&#8230;..La La La La, Hol\u00e9 Hol\u00e9 Hol\u00e9 Hola<br \/>\n(2) Eyaliyo la la la la la ,\u00d6 \u00d6&#8230;&#8230;..Eyaliyo la la la la la La La<\/p>\n<p>LVerd\u00e9 Bianco, EquiPo f LMundo Mechehoura..<br \/>\nf Celtic Glasgow, LkhaDra Me3roufa Ostoura<br \/>\nNtouma f Bladkom, o 3aYchin 3icha Meghmoura,<br \/>\nYa Ban 3aybkom, Kolchi 3erfkom machi Dkora<\/p>\n<p>Hdarto fina ,w Daret Alikom Lhadra<br \/>\nMradto Bina, Ma nsiti Ma bghiti Tebra<br \/>\nWlad Lkhadra, Diplom Mesmoum f Lhadra<br \/>\nDour Dawra, Ndarbouha l\u00e9k f 10&#8230;&#8230;!!<\/p>\n<p>(2) Eyaliyo la la la la la ,\u00d6 \u00d6&#8230;&#8230;..Eyaliyo la la la la la La La<\/p>\n<p>Mondial\u00e9 Yaliyo,Ga3 Samba 9elbouha Nsoura<br \/>\nf Rio D\u00e9 Janeiro,3aChe9ouna Li Yfehmo f Lkoora<br \/>\nReda w Omarinio, o Moustawda3 Trio Lacamora<br \/>\nf LBernabio, S\u00fbr Smitna Mazal Medkoura<\/p>\n<p>Titrat o Les Coupes ,L3allam Ysa9si Alina<br \/>\nJelna fetna l7doud ,se3arna wderna li bghina<br \/>\nJme3na Ga3 Les coupes, Lformaj Y7elmo Bina<br \/>\nMchina La coupe du Monde ,o Mazal Yneb7o Alina&#8230;..!!<\/p>\n<p>(2) Eyaliyo la la la la la ,\u00d6 \u00d6&#8230;&#8230;..Eyaliyo la la la la la La La<br \/>\n(2) La La La La, Hol\u00e9 Hol\u00e9 Hol\u00e9 Hola&#8230;.La La La La, Hol\u00e9 Hol\u00e9 Hol\u00e9 Hola<\/p>\n<p><span style=\"color: #264d20;\">*Demna 3arbi*<br \/>\n<\/span><br \/>\nNesini f denya l&#8217;avenir mayeswach<br \/>\nntia 3aynia bla bik ma vie mate7lach<br \/>\njouer jouer&#8230;. ya ma cherie<br \/>\nDawi Alina Dawi Yak nti la lumiere<br \/>\nYa lkhadra ya omr\u00e9 jibouha ya les vert<\/p>\n<p>Rjana f moulana Yak raja2o fi allah<br \/>\njebna algeriano bina badji 7abinah<br \/>\nw 7na khawa&#8230;.. machi 3dawaa<br \/>\nYa jazayri maghribi demna 3arbi<br \/>\nw chfaya f jirani aseshom yhoudii<\/p>\n<p>Jebna la coupe d afrique machi mara machi jouj<br \/>\ntarikh o 7adara o 3lach tghiro ya les rouges<br \/>\no Super coupe&#8230;. o lcoupe du monde<br \/>\no finalat o 7kayat afro asyawiya<br \/>\nwinma mchat rah 7akmat  lkhadra l3alamiya<\/p>\n<p><span style=\"color: #264d20;\">*Nass Lkbar*<\/span><\/p>\n<p>yalalala lalalala lalalala &#8230;<br \/>\nyalalala lalalala lalalala &#8230;<br \/>\nyalalala lalalala lalalala &#8230;<br \/>\nol\u00e9 ol\u00e9\u00e9\u00e9 ol\u00e9 ol\u00e9 olaaaaa<br \/>\nol\u00e9 ol\u00e9\u00e9\u00e9 MaGiCa Rca<\/p>\n<p>Sha3b lkhadra mriski b mara w ma3la baloush &#8230;<br \/>\n60 sna 3eshna Fidel w manweloush &#8230;<br \/>\n3ayrtouna ya lkarakiz w ma7shemtoush &#8230;<br \/>\nLel Mondial , Ntouma mawsaltouush<br \/>\nw Shkoun Fina Li Blasto f Touche<\/p>\n<p>****************** ( rytm )<\/p>\n<p>f Casa-blanca solo Lkhadra All\u00e9 Les verts &#8230;<br \/>\naLah yrham li Mato w yr7am MEKWAR &#8230;<br \/>\nMandirouhash L7afla Ila mat JAr &#8230;<br \/>\nwa9efna Party w Bena Nass Kbaaar<br \/>\n7naya Lmolouk Hadi Mashi Bizzard<\/p>\n<p>****************** ( rytm )<\/p>\n<p>F khater les verts w Lvirage li jma3na &#8230;<br \/>\nw Li Jowal w y3sha9 f Lmagana &#8230;<br \/>\nw Li f LGHORBA w 7ab Ykoun M3ana &#8230;<br \/>\nDaret Liyam w Mansash 3eshretna<br \/>\nf Khater Lmima w f khaterna 7ta 7Na<\/p>\n<p>yalalala lalalala lalalala &#8230;<br \/>\nyalalala lalalala lalalala &#8230;<br \/>\nyalalala lalalala lalalala &#8230;<br \/>\nol\u00e9 ol\u00e9\u00e9\u00e9 ol\u00e9 ol\u00e9 olaaaaa<br \/>\nol\u00e9 ol\u00e9\u00e9\u00e9 MaGiCa Rca<\/p>\n<p><span style=\"color: #264d20;\">*Verde Nero*<\/span><\/p>\n<p>Oho ho oho,Oho ho oho  Ya la la la la la<br \/>\nOho ho oho,Oho ho oho  Ya la la la la la<br \/>\nLa la la la, La la la la     All\u00e9 yal\u00e9 Dal\u00e9 you<br \/>\nLa la la la, La la la la     Dal\u00e9 yal\u00e9 yal\u00e9 you<\/p>\n<p>LVerD\u00e9 nerO, La GranD\u00e9 te QuirO&#8230;. L&#8217;Rca 3azha ktar men Omr\u00e9<br \/>\n3lachanha NghirO,w Aliha wach NdirO&#8230;Palmaresha Yfakerni f Soghr\u00e9<br \/>\nLkhadra tejri fdemna,o hta haja mathemna&#8230;Rja f allah o rdat Lwalidin<br \/>\no Jamais Nethena,Netmena w Netsena&#8230;Ta tweli yam tes3iiin (90)<\/p>\n<p>Raje3in N7ekmo tan\u00e9, Nkhel3o lberran\u00e9&#8230; Nser m7ale9 b choban Sghar<br \/>\nSa7tna lCampion\u00e9,w inChalah chaque Ann\u00e9&#8230; N7ekmouha o Nkemlo l&#8217;histoire..<br \/>\nJil Dolmi w Begar,Yam Rossi w Omaar&#8230; 60 ann\u00e9 kolha Gloire<br \/>\nDazo ghir les Stars,w Mazalin L&#8217;espoire&#8230; Normal lkhadra men Lkbar<\/p>\n<p>Tal3a Portugalia,Bedlat l3a9elia&#8230; Daret Daja bin Lila w Nhar<br \/>\n&#8221;EAGLES&#8221; o Ghir Hia, f L&#8217;EmbasaDoria&#8230;. Golnalkom 7naya Men Lkbar<br \/>\nFehmouha nass o Bkaw,w Darina Li Chkaw&#8230;. Derna lihom lka2abaa<br \/>\nGracias Joss\u00e9 Romaw, hna Mohal la Nensawk&#8230; Machi ki li lebsouk Jellaba<\/p>\n<p>Oho ho oho,Oho ho oho  Ya la la la la la<br \/>\nOho ho oho,Oho ho oho  Ya la la la la la<br \/>\nLa la la la, La la la la     All\u00e9 yal\u00e9 Dal\u00e9 you<br \/>\nLa la la la, La la la la     Dal\u00e9 yal\u00e9 yal\u00e9 you<\/p>\n<p><span style=\"color: #264d20;\">*Sawt Cha3b 7kem Lina*<\/span><\/p>\n<p>Ya la lal la la la, la lal la la la<br \/>\nYa la lal la la la, la lal Hol\u00e9 Hol\u00e9 Hola<br \/>\nEyal\u00e9 Yal\u00e9 Yal\u00e9 You&#8230;.Ohoo hoo<br \/>\nAll\u00e9 Yal\u00e9 Yal\u00e9 You&#8230;.Ohoo hoo<\/p>\n<p>Rakha Blanca Se7rat Hablat Le3e9oul&#8230;&#8230;.Kbir w Sghir b Lkhadra Meskoun<br \/>\nTanja w LGwira Kolchi Sayee7 Ygouul&#8230;..Dima Raja o Lba9i Zayed f Lkoun<br \/>\nSawt Cha3b 7kem Lina &#8230;.. Oho hoo<br \/>\nCha3biytna f Kol Mdina&#8230; Ohoo hoo<br \/>\nTal3o L&#8217;AfriQue Salo Alina&#8230; Oho hoo<br \/>\nJaliytkom Win tban Lina &#8230; Oho hoo<\/p>\n<p>L&#8217;Curva Lkhadra M3a Tal3a Cha3lat b Nour&#8230;&#8230;.w Lkherba L7amra Chaque derby khasha Jomhor<br \/>\n7kemnaha f CaSa Depasina Reccord&#8230;&#8230;..Zidouna BlaSa Sme3ha w B9a Mesdoum<br \/>\nS9inaLo L3aynin Bjouj&#8230; Oho hoo<br \/>\nWerinaLo LimaY7ebouch&#8230; Oho hoo<br \/>\nGa3 LMaroc Yekrah Les Rouges&#8230; Oho hoo<br \/>\nGhaltin f Rwa7hom Ma Y7echmouch&#8230; Oho hoo<\/p>\n<p>Ba3o Lblad w Jder Walidihom&#8230;..Sem7o f Wladhom W lyoum Rej3o Lihom<br \/>\nMen had Swalem Rahom Hajo Alihom&#8230;&#8230;Kebro Lwlad oMal9aw Li Rabihom<br \/>\nKebro w Nsaw Ki Kano.. Ohoo hoo<br \/>\nw Lyoma Allah Ychof Men 7alo &#8230;Ohoo hoo<br \/>\nB rouge Msabegh Defrano&#8230; Ohoo hoo<br \/>\nHejbano Meb9aw Ybano&#8230;Ohoo hoo<\/p>\n<p>Ya la lal la la la,la la lal la la la_<br \/>\nYa la lal la la la,la la Hol\u00e9 Hol\u00e9 Hola<br \/>\nEyal\u00e9 Yal\u00e9 Yal\u00e9 You&#8230;.Ohoo hoo<br \/>\nEyal\u00e9 Yal\u00e9 Yal\u00e9 You&#8230;.Ohoo hoo<\/p>\n<p><span style=\"color: #264d20;\">*Wydadia Madame*<\/span><\/p>\n<p>Ya Mikh\u00e9 Ya Bokhnona .. SH7al Glessti f Lmagana<br \/>\nDorouss T3alemti M3ana .. w Lioum wliti T3ayrNa<br \/>\n3atiha 9a9a w Tal9ha Ya Lkaniish , Dair Tertiba w Mkemlha B Les m\u00e9ches<br \/>\nVisage Clochard w L3a9LYa Papish , w Khtek Charika 3Liha Rabit\u00e9 Rishe<br \/>\nTa Siiiiir Ma7shemtiish , Ta Siiir Ma7shemtish !!<br \/>\n7l\u00e9mtou B Mi-temps F Banc Touche , Ya Lbou3ara Ma7shemtoush<br \/>\n5F Ramdan Ma39ltouSh , Dik Lila Man3stoush<br \/>\nTarikh Derby Wydadia Madame ! Oho ,Yamate Dolmi L7\u00e9mrawi Ya Salam Aha<br \/>\nReda O Chbouki Yamate Hadou Aflam Oho , Sidi Omar 3aysh&#8217;Hom F Dalam<br \/>\nL3loudi F lGhar9 , o Mayga Ya Sedam<br \/>\nO Lkhdra o Lbayda Ma Ch\u00e9rie , 3l\u00e9k Ana N&#8217;Suicider<br \/>\nJouez Inshalah ! Ifarj Rabi , L&#8217;Coupe D&#8217;afrique Cette Ann\u00e9e<br \/>\nZakia Badou Kil3ada 7\u00e9b Itiire , Lssanou Sab9ou , 3a9lou Mazale Sghire<br \/>\nJouez Les Verts , M3ana Wallah T7\u00e9re<br \/>\nWaya Ikram Khs\u00e9rti La Guere , Armoumen Safe Sire , Waya Nkare Lkhaire<\/p>\n<p><span style=\"color: #264d20;\"><br \/>\n*Lillah Ya Jazair*<\/span><\/p>\n<p>Ohoo Ohooo ohooooohoooo&#8230;..Ohoo Ohooo ohooooohoooo<br \/>\nOhoo Ohooo ohooooohoooo&#8230;..Ohoo Ohooo ohooooohoooo<br \/>\nLa la la ,la la laa&#8230;. Hol\u00e9\u00e9 Hol\u00e9\u00e9\u00e9 holaa<br \/>\nLa la la ,la la laa&#8230;.Hol\u00e9 Hol\u00e9\u00e9\u00e9 holaa<br \/>\nHol\u00e9 Hol\u00e9\u00e9\u00e9 holaa<\/p>\n<p>Wachno Li Say\u00e9r, Kolchi Ye7ki Alina &#8230;..Tal3aa tbek\u00e9,w fiha Rah Te7dina<br \/>\nLilaah Ya Jazay\u00e9r, w Allah 3alem bina&#8230;. Ntalbo Rab\u00e9, f Jenna Yla9ina<br \/>\n3echna w Chefna&#8230;Che7al Tkhalefna&#8230;w Lyom Tejme3na&#8230;L&#8217;Islam f Demna<br \/>\nLkhadra 7yatna&#8230;w N7ebo Bladna&#8230;Maroc Trabna&#8230;w l&#8217;algerie khoutnaaa<br \/>\nNgouloha b Soutna&#8230;.w l&#8217;algerie khoutnaaa<\/p>\n<p>Chfana fLghashi, Li bghaw Yfar9ouna&#8230;.Choufo Lpass\u00e9, Ya Lwjouh Lmech2ouma<br \/>\nSe3dan Ben BaDjii, w Nass Li Asouna&#8230;. Ga3 Demhom 3arbi, Machi Sahayina<br \/>\nYlah 3a9to w Tfakrto Lblad&#8230;Ya win Kento fYam nass Chdaad<br \/>\nWjouh L&#8217;3adab,Rahom Kebro Chawad&#8230;.Y7ebo Lwydad, wi Mouto 3la Rjaal Lblad<br \/>\nY7ebo Lwydad, wi 3aCh9o fRjaal Lblad<\/p>\n<p>Ohoo Ohooo ohooooohoooo&#8230;..Ohoo Ohooo ohooooohoooo<br \/>\nOhoo Ohooo ohooooohoooo&#8230;..Ohoo Ohooo ohooooohoooo<br \/>\nLa la la ,la la laa&#8230;. Hol\u00e9\u00e9 Hol\u00e9\u00e9\u00e9 holaa<br \/>\nLa la la ,la la laa&#8230;.Hol\u00e9 Hol\u00e9\u00e9\u00e9 holaa<br \/>\nHol\u00e9 Hol\u00e9\u00e9\u00e9 holaa<br \/>\nChahed Mitwali w Doulyazal&#8230;&#8230;..w Chkon Yechehed Alikom Mazaaal<\/p>\n<p><span style=\"color: #264d20;\">*Champion Bladi*<\/span><\/p>\n<p>Champione Bladi&#8230; Kola 3am tnadi<br \/>\nsoufiane aloudi ; omar nejdi<br \/>\nchoban ba9in sghar.. jibo la victoire&#8230; ncha3louha b nar<br \/>\nchoban ba9in sghar.. jibo la victoire&#8230; alle allez les vert<\/p>\n<p>ya chaghla bali&#8230; o zayda f hbal\u00e9<br \/>\nM3aha te7lali , l&#8217;amour lghali<br \/>\nmomot 3aynina .. lkhadra li bina&#8230; nmouto aliha fid\u00e9l<br \/>\nmomot 3aynina .. lkhadra li bina&#8230; nmouto aliha fid\u00e9l<\/p>\n<p>f tarikh derbi&#8230; n7ekmo men bekri<br \/>\n7oman o Ghandi , bassir o dolmi<br \/>\n3 f che3ban&#8230;5 f ramdan&#8230; tarifa men zman<br \/>\n3 f che3ban&#8230;5 f ramdan&#8230; ya bni hada ma kan<\/p>\n<p><span style=\"color: #264d20;\">*Symphonie*<br \/>\n<\/span><br \/>\nLkhadra ya 3omri f L3alam mesh&#8217;Houriin<br \/>\nDawina f lmaroc 3am 49<br \/>\nMerci BEN ABADJI w Nass Lowliin<br \/>\nli 3aSh9ou f Lverde w Kano Sha3bYiin<\/p>\n<p>Jamais Nensaw Dik La Coup Men Wahran<br \/>\nJabouha Les Jeunes w ShaHdou Les Algeriens<br \/>\nHEMRAWI Fenan Mansinash RAB7 SA3DAN<br \/>\nFi Babour Lverde Kan Howa L9oBtan<\/p>\n<p>w SAMFONYA L3abnaha f 97<br \/>\nw M3ak Ya WAHID Manensash La3b Zine<br \/>\nw M3a FILON\u00e9 Tourkhna 99<br \/>\nLmanzah fi Remdan w LMAGANA Mdeplasin<\/p>\n<p>w La Coup Du Monde Mshina fi L&#8217;ans 2000<br \/>\nBahdelNa Real ShaHda 3lina Lbrezil<br \/>\nSefri , 3omar , Keshkousha Mazal Sghir<br \/>\nBara9 Ma T9sha3 Moustawda3 Sh7al YtiiiR<\/p>\n","protected":false},"excerpt":{"rendered":"<p>*Eagles* EAGLES&#8221; 3La Lkhadra Tsemaat&#8230;. w 3la LmaGana Rah DaWat Snin Hadi L7Kaya Bdaat&#8230;.Che3na w Cha3bia Kebrat..!! 2006 LTounes Zadmat&#8230;.1er Ultras Li Bachat Souria Re7naLha f 2007 &#8230;.7alina Lbab Ldouk Chikhaat..!! Hooooo La La La La.. La La La.. La La La &#8230;H\u00e9\u00e9\u00e9\u00e9 ..!! Woww Wooow Woooow Ohooooooo b Flous LCabar\u00e9 Daro Tal3at&#8230;Galo Lkhwinez Raha [&hellip;]<\/p>\n","protected":false},"author":1,"featured_media":0,"parent":217,"menu_order":0,"comment_status":"open","ping_status":"open","template":"","meta":{"footnotes":""},"class_list":["post-668","page","type-page","status-publish","hentry"],"_hostinger_reach_plugin_has_subscription_block":false,"_hostinger_reach_plugin_is_elementor":false,"_links":{"self":[{"href":"https:\/\/ue06.org\/fr\/index.php?rest_route=\/wp\/v2\/pages\/668","targetHints":{"allow":["GET"]}}],"collection":[{"href":"https:\/\/ue06.org\/fr\/index.php?rest_route=\/wp\/v2\/pages"}],"about":[{"href":"https:\/\/ue06.org\/fr\/index.php?rest_route=\/wp\/v2\/types\/page"}],"author":[{"embeddable":true,"href":"https:\/\/ue06.org\/fr\/index.php?rest_route=\/wp\/v2\/users\/1"}],"replies":[{"embeddable":true,"href":"https:\/\/ue06.org\/fr\/index.php?rest_route=%2Fwp%2Fv2%2Fcomments&post=668"}],"version-history":[{"count":1,"href":"https:\/\/ue06.org\/fr\/index.php?rest_route=\/wp\/v2\/pages\/668\/revisions"}],"predecessor-version":[{"id":670,"href":"https:\/\/ue06.org\/fr\/index.php?rest_route=\/wp\/v2\/pages\/668\/revisions\/670"}],"up":[{"embeddable":true,"href":"https:\/\/ue06.org\/fr\/index.php?rest_route=\/wp\/v2\/pages\/217"}],"wp:attachment":[{"href":"https:\/\/ue06.org\/fr\/index.php?rest_route=%2Fwp%2Fv2%2Fmedia&parent=668"}],"curies":[{"name":"wp","href":"https:\/\/api.w.org\/{rel}","templated":true}]}}